{"id":1692,"date":"2022-04-24T09:52:19","date_gmt":"2022-04-24T07:52:19","guid":{"rendered":"https:\/\/twijfeltelefoon.nl\/bagirsak-kolon-kanserinin-erken-teshisi\/"},"modified":"2024-06-13T15:14:43","modified_gmt":"2024-06-13T13:14:43","slug":"bagirsak-kolon-kanserinin-erken-teshisi","status":"publish","type":"page","link":"https:\/\/twijfeltelefoon.nl\/tr\/tibbi-bir-konu-hakkinda-suphelerim-var\/bagirsak-kolon-kanserinin-erken-teshisi\/","title":{"rendered":"Ba\u011f\u0131rsak (kolon) kanserinin erken te\u015fhisi"},"content":{"rendered":"\n<p><strong>Ba\u011f\u0131rsak kanseri, ba\u011f\u0131rsakta k\u00f6t\u00fc huylu bir t\u00fcm\u00f6rd\u00fcr. Ba\u011f\u0131rsak kanseri en s\u0131k kolondan kaynaklan\u0131r. Bu y\u00fczden s\u0131k s\u0131k kolon kanseri diyoruz.<\/strong><\/p>\n\n\n\n<p>T\u00fcm\u00f6r erken yakalan\u0131rsa kolon kanseri genellikle iyi tedavi edilebilir. D\u0131\u015fk\u0131daki kan kolon kanserini g\u00f6sterebilir. Bu nedenle, d\u0131\u015fk\u0131n\u0131zda kan varsa aile doktorunuza gitmeniz ak\u0131ll\u0131ca olacakt\u0131r. Aile doktorunuz daha fazla testin gerekli olup olmad\u0131\u011f\u0131na karar verecektir.<\/p>\n\n\n\n<p><\/p>\n","protected":false},"excerpt":{"rendered":"<p>Kolon kanserinin erken te\u015fhisi ile ilgili en s\u0131k sorulan sorular\u0131n yan\u0131tlar\u0131, bir \u00fcniversite t\u0131p merkezinde \u00e7al\u0131\u015fan t\u0131p uzmanlar\u0131 taraf\u0131ndan \u00f6zenle toplanm\u0131\u015ft\u0131r. Bilimsel ara\u015ft\u0131rmalar yeni i\u00e7g\u00f6r\u00fcler ortaya \u00e7\u0131kar\u0131rsa cevaplar ve t\u0131bbi tavsiyeler de\u011fi\u015ftirilecektir.<\/p>\n","protected":false},"author":1,"featured_media":2347,"parent":2544,"menu_order":0,"comment_status":"closed","ping_status":"closed","template":"","meta":{"_acf_changed":false,"inline_featured_image":false,"footnotes":""},"class_list":["post-1692","page","type-page","status-publish","has-post-thumbnail","hentry"],"acf":[],"yoast_head":"<!-- This site is optimized with the Yoast SEO plugin v27.4 - https:\/\/yoast.com\/product\/yoast-seo-wordpress\/ -->\n<title>Ba\u011f\u0131rsak (kolon) kanserinin erken te\u015fhisi | De Twijfeltelefoon<\/title>\n<meta name=\"description\" content=\"Kolorektal kanser i\u00e7in erken n\u00fcfus taramas\u0131 hakk\u0131nda \u015f\u00fcpheleriniz mi var? \u015e\u00fcphe Telefonunu aray\u0131n veya sorunuzun web sitemizde olup olmad\u0131\u011f\u0131na bak\u0131n.\" \/>\n<meta name=\"robots\" content=\"index, follow, max-snippet:-1, max-image-preview:large, max-video-preview:-1\" \/>\n<link rel=\"canonical\" href=\"https:\/\/twijfeltelefoon.nl\/tr\/tibbi-bir-konu-hakkinda-suphelerim-var\/bagirsak-kolon-kanserinin-erken-teshisi\/\" \/>\n<meta property=\"og:locale\" content=\"tr_TR\" \/>\n<meta property=\"og:type\" content=\"article\" \/>\n<meta property=\"og:title\" content=\"Ba\u011f\u0131rsak (kolon) kanserinin erken te\u015fhisi | De Twijfeltelefoon\" \/>\n<meta property=\"og:description\" content=\"Kolorektal kanser i\u00e7in erken n\u00fcfus taramas\u0131 hakk\u0131nda \u015f\u00fcpheleriniz mi var? \u015e\u00fcphe Telefonunu aray\u0131n veya sorunuzun web sitemizde olup olmad\u0131\u011f\u0131na bak\u0131n.\" \/>\n<meta property=\"og:url\" content=\"https:\/\/twijfeltelefoon.nl\/tr\/tibbi-bir-konu-hakkinda-suphelerim-var\/bagirsak-kolon-kanserinin-erken-teshisi\/\" \/>\n<meta property=\"og:site_name\" content=\"De Twijfeltelefoon\" \/>\n<meta property=\"article:modified_time\" content=\"2024-06-13T13:14:43+00:00\" \/>\n<meta property=\"og:image\" content=\"https:\/\/twijfeltelefoon.nl\/wp-content\/uploads\/2022\/03\/twijfeltelefoon-social.png\" \/>\n\t<meta property=\"og:image:width\" content=\"351\" \/>\n\t<meta property=\"og:image:height\" content=\"351\" \/>\n\t<meta property=\"og:image:type\" content=\"image\/png\" \/>\n<meta name=\"twitter:card\" content=\"summary_large_image\" \/>\n<script type=\"application\/ld+json\" class=\"yoast-schema-graph\">{\"@context\":\"https:\\\/\\\/schema.org\",\"@graph\":[{\"@type\":\"WebPage\",\"@id\":\"https:\\\/\\\/twijfeltelefoon.nl\\\/tr\\\/tibbi-bir-konu-hakkinda-suphelerim-var\\\/bagirsak-kolon-kanserinin-erken-teshisi\\\/\",\"url\":\"https:\\\/\\\/twijfeltelefoon.nl\\\/tr\\\/tibbi-bir-konu-hakkinda-suphelerim-var\\\/bagirsak-kolon-kanserinin-erken-teshisi\\\/\",\"name\":\"Ba\u011f\u0131rsak (kolon) kanserinin erken te\u015fhisi | De Twijfeltelefoon\",\"isPartOf\":{\"@id\":\"https:\\\/\\\/twijfeltelefoon.nl\\\/tr\\\/#website\"},\"primaryImageOfPage\":{\"@id\":\"https:\\\/\\\/twijfeltelefoon.nl\\\/tr\\\/tibbi-bir-konu-hakkinda-suphelerim-var\\\/bagirsak-kolon-kanserinin-erken-teshisi\\\/#primaryimage\"},\"image\":{\"@id\":\"https:\\\/\\\/twijfeltelefoon.nl\\\/tr\\\/tibbi-bir-konu-hakkinda-suphelerim-var\\\/bagirsak-kolon-kanserinin-erken-teshisi\\\/#primaryimage\"},\"thumbnailUrl\":\"https:\\\/\\\/twijfeltelefoon.nl\\\/wp-content\\\/uploads\\\/2024\\\/06\\\/vroege-opsporing-darmkanker.svg\",\"datePublished\":\"2022-04-24T07:52:19+00:00\",\"dateModified\":\"2024-06-13T13:14:43+00:00\",\"description\":\"Kolorektal kanser i\u00e7in erken n\u00fcfus taramas\u0131 hakk\u0131nda \u015f\u00fcpheleriniz mi var? \u015e\u00fcphe Telefonunu aray\u0131n veya sorunuzun web sitemizde olup olmad\u0131\u011f\u0131na bak\u0131n.\",\"breadcrumb\":{\"@id\":\"https:\\\/\\\/twijfeltelefoon.nl\\\/tr\\\/tibbi-bir-konu-hakkinda-suphelerim-var\\\/bagirsak-kolon-kanserinin-erken-teshisi\\\/#breadcrumb\"},\"inLanguage\":\"tr\",\"potentialAction\":[{\"@type\":\"ReadAction\",\"target\":[\"https:\\\/\\\/twijfeltelefoon.nl\\\/tr\\\/tibbi-bir-konu-hakkinda-suphelerim-var\\\/bagirsak-kolon-kanserinin-erken-teshisi\\\/\"]}]},{\"@type\":\"ImageObject\",\"inLanguage\":\"tr\",\"@id\":\"https:\\\/\\\/twijfeltelefoon.nl\\\/tr\\\/tibbi-bir-konu-hakkinda-suphelerim-var\\\/bagirsak-kolon-kanserinin-erken-teshisi\\\/#primaryimage\",\"url\":\"https:\\\/\\\/twijfeltelefoon.nl\\\/wp-content\\\/uploads\\\/2024\\\/06\\\/vroege-opsporing-darmkanker.svg\",\"contentUrl\":\"https:\\\/\\\/twijfeltelefoon.nl\\\/wp-content\\\/uploads\\\/2024\\\/06\\\/vroege-opsporing-darmkanker.svg\",\"caption\":\"vroege opsporing darmkanker\"},{\"@type\":\"BreadcrumbList\",\"@id\":\"https:\\\/\\\/twijfeltelefoon.nl\\\/tr\\\/tibbi-bir-konu-hakkinda-suphelerim-var\\\/bagirsak-kolon-kanserinin-erken-teshisi\\\/#breadcrumb\",\"itemListElement\":[{\"@type\":\"ListItem\",\"position\":1,\"name\":\"Home\",\"item\":\"https:\\\/\\\/twijfeltelefoon.nl\\\/tr\\\/\"},{\"@type\":\"ListItem\",\"position\":2,\"name\":\"T\u0131bbi bir konu hakk\u0131nda \u015f\u00fcphelerim var\",\"item\":\"https:\\\/\\\/twijfeltelefoon.nl\\\/tr\\\/tibbi-bir-konu-hakkinda-suphelerim-var\\\/\"},{\"@type\":\"ListItem\",\"position\":3,\"name\":\"Ba\u011f\u0131rsak (kolon) kanserinin erken te\u015fhisi\"}]},{\"@type\":\"WebSite\",\"@id\":\"https:\\\/\\\/twijfeltelefoon.nl\\\/tr\\\/#website\",\"url\":\"https:\\\/\\\/twijfeltelefoon.nl\\\/tr\\\/\",\"name\":\"De Twijfeltelefoon\",\"description\":\"\",\"publisher\":{\"@id\":\"https:\\\/\\\/twijfeltelefoon.nl\\\/tr\\\/#organization\"},\"potentialAction\":[{\"@type\":\"SearchAction\",\"target\":{\"@type\":\"EntryPoint\",\"urlTemplate\":\"https:\\\/\\\/twijfeltelefoon.nl\\\/tr\\\/?s={search_term_string}\"},\"query-input\":{\"@type\":\"PropertyValueSpecification\",\"valueRequired\":true,\"valueName\":\"search_term_string\"}}],\"inLanguage\":\"tr\"},{\"@type\":\"Organization\",\"@id\":\"https:\\\/\\\/twijfeltelefoon.nl\\\/tr\\\/#organization\",\"name\":\"Twijfeltelefoon\",\"url\":\"https:\\\/\\\/twijfeltelefoon.nl\\\/tr\\\/\",\"logo\":{\"@type\":\"ImageObject\",\"inLanguage\":\"tr\",\"@id\":\"https:\\\/\\\/twijfeltelefoon.nl\\\/tr\\\/#\\\/schema\\\/logo\\\/image\\\/\",\"url\":\"https:\\\/\\\/twijfeltelefoon.nl\\\/wp-content\\\/uploads\\\/2022\\\/03\\\/twijfeltelefoon-social@2x.png\",\"contentUrl\":\"https:\\\/\\\/twijfeltelefoon.nl\\\/wp-content\\\/uploads\\\/2022\\\/03\\\/twijfeltelefoon-social@2x.png\",\"width\":701,\"height\":701,\"caption\":\"Twijfeltelefoon\"},\"image\":{\"@id\":\"https:\\\/\\\/twijfeltelefoon.nl\\\/tr\\\/#\\\/schema\\\/logo\\\/image\\\/\"}}]}<\/script>\n<!-- \/ Yoast SEO plugin. -->","yoast_head_json":{"title":"Ba\u011f\u0131rsak (kolon) kanserinin erken te\u015fhisi | De Twijfeltelefoon","description":"Kolorektal kanser i\u00e7in erken n\u00fcfus taramas\u0131 hakk\u0131nda \u015f\u00fcpheleriniz mi var? \u015e\u00fcphe Telefonunu aray\u0131n veya sorunuzun web sitemizde olup olmad\u0131\u011f\u0131na bak\u0131n.","robots":{"index":"index","follow":"follow","max-snippet":"max-snippet:-1","max-image-preview":"max-image-preview:large","max-video-preview":"max-video-preview:-1"},"canonical":"https:\/\/twijfeltelefoon.nl\/tr\/tibbi-bir-konu-hakkinda-suphelerim-var\/bagirsak-kolon-kanserinin-erken-teshisi\/","og_locale":"tr_TR","og_type":"article","og_title":"Ba\u011f\u0131rsak (kolon) kanserinin erken te\u015fhisi | De Twijfeltelefoon","og_description":"Kolorektal kanser i\u00e7in erken n\u00fcfus taramas\u0131 hakk\u0131nda \u015f\u00fcpheleriniz mi var? \u015e\u00fcphe Telefonunu aray\u0131n veya sorunuzun web sitemizde olup olmad\u0131\u011f\u0131na bak\u0131n.","og_url":"https:\/\/twijfeltelefoon.nl\/tr\/tibbi-bir-konu-hakkinda-suphelerim-var\/bagirsak-kolon-kanserinin-erken-teshisi\/","og_site_name":"De Twijfeltelefoon","article_modified_time":"2024-06-13T13:14:43+00:00","og_image":[{"width":351,"height":351,"url":"https:\/\/twijfeltelefoon.nl\/wp-content\/uploads\/2022\/03\/twijfeltelefoon-social.png","type":"image\/png"}],"twitter_card":"summary_large_image","schema":{"@context":"https:\/\/schema.org","@graph":[{"@type":"WebPage","@id":"https:\/\/twijfeltelefoon.nl\/tr\/tibbi-bir-konu-hakkinda-suphelerim-var\/bagirsak-kolon-kanserinin-erken-teshisi\/","url":"https:\/\/twijfeltelefoon.nl\/tr\/tibbi-bir-konu-hakkinda-suphelerim-var\/bagirsak-kolon-kanserinin-erken-teshisi\/","name":"Ba\u011f\u0131rsak (kolon) kanserinin erken te\u015fhisi | De Twijfeltelefoon","isPartOf":{"@id":"https:\/\/twijfeltelefoon.nl\/tr\/#website"},"primaryImageOfPage":{"@id":"https:\/\/twijfeltelefoon.nl\/tr\/tibbi-bir-konu-hakkinda-suphelerim-var\/bagirsak-kolon-kanserinin-erken-teshisi\/#primaryimage"},"image":{"@id":"https:\/\/twijfeltelefoon.nl\/tr\/tibbi-bir-konu-hakkinda-suphelerim-var\/bagirsak-kolon-kanserinin-erken-teshisi\/#primaryimage"},"thumbnailUrl":"https:\/\/twijfeltelefoon.nl\/wp-content\/uploads\/2024\/06\/vroege-opsporing-darmkanker.svg","datePublished":"2022-04-24T07:52:19+00:00","dateModified":"2024-06-13T13:14:43+00:00","description":"Kolorektal kanser i\u00e7in erken n\u00fcfus taramas\u0131 hakk\u0131nda \u015f\u00fcpheleriniz mi var? \u015e\u00fcphe Telefonunu aray\u0131n veya sorunuzun web sitemizde olup olmad\u0131\u011f\u0131na bak\u0131n.","breadcrumb":{"@id":"https:\/\/twijfeltelefoon.nl\/tr\/tibbi-bir-konu-hakkinda-suphelerim-var\/bagirsak-kolon-kanserinin-erken-teshisi\/#breadcrumb"},"inLanguage":"tr","potentialAction":[{"@type":"ReadAction","target":["https:\/\/twijfeltelefoon.nl\/tr\/tibbi-bir-konu-hakkinda-suphelerim-var\/bagirsak-kolon-kanserinin-erken-teshisi\/"]}]},{"@type":"ImageObject","inLanguage":"tr","@id":"https:\/\/twijfeltelefoon.nl\/tr\/tibbi-bir-konu-hakkinda-suphelerim-var\/bagirsak-kolon-kanserinin-erken-teshisi\/#primaryimage","url":"https:\/\/twijfeltelefoon.nl\/wp-content\/uploads\/2024\/06\/vroege-opsporing-darmkanker.svg","contentUrl":"https:\/\/twijfeltelefoon.nl\/wp-content\/uploads\/2024\/06\/vroege-opsporing-darmkanker.svg","caption":"vroege opsporing darmkanker"},{"@type":"BreadcrumbList","@id":"https:\/\/twijfeltelefoon.nl\/tr\/tibbi-bir-konu-hakkinda-suphelerim-var\/bagirsak-kolon-kanserinin-erken-teshisi\/#breadcrumb","itemListElement":[{"@type":"ListItem","position":1,"name":"Home","item":"https:\/\/twijfeltelefoon.nl\/tr\/"},{"@type":"ListItem","position":2,"name":"T\u0131bbi bir konu hakk\u0131nda \u015f\u00fcphelerim var","item":"https:\/\/twijfeltelefoon.nl\/tr\/tibbi-bir-konu-hakkinda-suphelerim-var\/"},{"@type":"ListItem","position":3,"name":"Ba\u011f\u0131rsak (kolon) kanserinin erken te\u015fhisi"}]},{"@type":"WebSite","@id":"https:\/\/twijfeltelefoon.nl\/tr\/#website","url":"https:\/\/twijfeltelefoon.nl\/tr\/","name":"De Twijfeltelefoon","description":"","publisher":{"@id":"https:\/\/twijfeltelefoon.nl\/tr\/#organization"},"potentialAction":[{"@type":"SearchAction","target":{"@type":"EntryPoint","urlTemplate":"https:\/\/twijfeltelefoon.nl\/tr\/?s={search_term_string}"},"query-input":{"@type":"PropertyValueSpecification","valueRequired":true,"valueName":"search_term_string"}}],"inLanguage":"tr"},{"@type":"Organization","@id":"https:\/\/twijfeltelefoon.nl\/tr\/#organization","name":"Twijfeltelefoon","url":"https:\/\/twijfeltelefoon.nl\/tr\/","logo":{"@type":"ImageObject","inLanguage":"tr","@id":"https:\/\/twijfeltelefoon.nl\/tr\/#\/schema\/logo\/image\/","url":"https:\/\/twijfeltelefoon.nl\/wp-content\/uploads\/2022\/03\/twijfeltelefoon-social@2x.png","contentUrl":"https:\/\/twijfeltelefoon.nl\/wp-content\/uploads\/2022\/03\/twijfeltelefoon-social@2x.png","width":701,"height":701,"caption":"Twijfeltelefoon"},"image":{"@id":"https:\/\/twijfeltelefoon.nl\/tr\/#\/schema\/logo\/image\/"}}]}},"_links":{"self":[{"href":"https:\/\/twijfeltelefoon.nl\/tr\/wp-json\/wp\/v2\/pages\/1692","targetHints":{"allow":["GET"]}}],"collection":[{"href":"https:\/\/twijfeltelefoon.nl\/tr\/wp-json\/wp\/v2\/pages"}],"about":[{"href":"https:\/\/twijfeltelefoon.nl\/tr\/wp-json\/wp\/v2\/types\/page"}],"author":[{"embeddable":true,"href":"https:\/\/twijfeltelefoon.nl\/tr\/wp-json\/wp\/v2\/users\/1"}],"replies":[{"embeddable":true,"href":"https:\/\/twijfeltelefoon.nl\/tr\/wp-json\/wp\/v2\/comments?post=1692"}],"version-history":[{"count":7,"href":"https:\/\/twijfeltelefoon.nl\/tr\/wp-json\/wp\/v2\/pages\/1692\/revisions"}],"predecessor-version":[{"id":2585,"href":"https:\/\/twijfeltelefoon.nl\/tr\/wp-json\/wp\/v2\/pages\/1692\/revisions\/2585"}],"up":[{"embeddable":true,"href":"https:\/\/twijfeltelefoon.nl\/tr\/wp-json\/wp\/v2\/pages\/2544"}],"wp:featuredmedia":[{"embeddable":true,"href":"https:\/\/twijfeltelefoon.nl\/tr\/wp-json\/wp\/v2\/media\/2347"}],"wp:attachment":[{"href":"https:\/\/twijfeltelefoon.nl\/tr\/wp-json\/wp\/v2\/media?parent=1692"}],"curies":[{"name":"wp","href":"https:\/\/api.w.org\/{rel}","templated":true}]}}