{"id":1989,"date":"2022-08-06T14:13:47","date_gmt":"2022-08-06T12:13:47","guid":{"rendered":"https:\/\/twijfeltelefoon.nl\/hpv-virusu\/"},"modified":"2024-06-13T15:00:40","modified_gmt":"2024-06-13T13:00:40","slug":"hpv-virusu","status":"publish","type":"page","link":"https:\/\/twijfeltelefoon.nl\/tr\/tibbi-bir-konu-hakkinda-suphelerim-var\/hpv-virusu\/","title":{"rendered":"HPV vir\u00fcs\u00fc"},"content":{"rendered":"\n<p><strong>HPV, genital si\u011fillere ve kansere yol a\u00e7abilen olduk\u00e7a bula\u015f\u0131c\u0131 bir vir\u00fcst\u00fcr. HPV a\u015f\u0131s\u0131, HPV enfeksiyonuna ve HPV\u2019nin neden oldu\u011fu kansere kar\u015f\u0131 korur.<\/strong><\/p>\n\n\n\n<p>Herkes en az bir kez HPV ile enfekte olur. HPV\u2019nin birka\u00e7 farkl\u0131 t\u00fcr\u00fc vard\u0131r. \u00c7o\u011fu HPV t\u00fcr\u00fc zarars\u0131zd\u0131r, ancak baz\u0131 t\u00fcrleri kansere yol a\u00e7abilir. HPV\u2019nin neden oldu\u011fu en yayg\u0131n kanser t\u00fcr\u00fc rahim a\u011fz\u0131 kanseridir. Ancak HPV ba\u015fka yerlerde de kansere neden olabilir: vajina, labia, a\u011f\u0131z, farinks, an\u00fcs ve penis.<\/p>\n","protected":false},"excerpt":{"rendered":"<p>Korona a\u015f\u0131s\u0131 ile ilgili en s\u0131k sorulan sorular\u0131n yan\u0131tlar\u0131, bir \u00fcniversite t\u0131p merkezinde \u00e7al\u0131\u015fan t\u0131p uzmanlar\u0131 taraf\u0131ndan \u00f6zenle derlendi. Bilimsel ara\u015ft\u0131rmalar yeni i\u00e7g\u00f6r\u00fcler oldu\u011funu g\u00f6steriyorsa, tavsiye soru ba\u015f\u0131na ayarlan\u0131r.<\/p>\n","protected":false},"author":1,"featured_media":2319,"parent":2544,"menu_order":0,"comment_status":"closed","ping_status":"closed","template":"","meta":{"_acf_changed":false,"inline_featured_image":false,"footnotes":""},"class_list":["post-1989","page","type-page","status-publish","has-post-thumbnail","hentry"],"acf":[],"yoast_head":"<!-- This site is optimized with the Yoast SEO plugin v27.4 - https:\/\/yoast.com\/product\/yoast-seo-wordpress\/ -->\n<title>HPV vir\u00fcs\u00fc | De Twijfeltelefoon<\/title>\n<meta name=\"description\" content=\"HPV&#039;den emin de\u011fil misiniz? Doubt Telephone web sitesinde s\u0131k sorulan sorularda HPV a\u015f\u0131s\u0131 ile ilgili cevaplar\u0131 bulacaks\u0131n\u0131z.\" \/>\n<meta name=\"robots\" content=\"index, follow, max-snippet:-1, max-image-preview:large, max-video-preview:-1\" \/>\n<link rel=\"canonical\" href=\"https:\/\/twijfeltelefoon.nl\/tr\/tibbi-bir-konu-hakkinda-suphelerim-var\/hpv-virusu\/\" \/>\n<meta property=\"og:locale\" content=\"tr_TR\" \/>\n<meta property=\"og:type\" content=\"article\" \/>\n<meta property=\"og:title\" content=\"HPV vir\u00fcs\u00fc | De Twijfeltelefoon\" \/>\n<meta property=\"og:description\" content=\"HPV&#039;den emin de\u011fil misiniz? Doubt Telephone web sitesinde s\u0131k sorulan sorularda HPV a\u015f\u0131s\u0131 ile ilgili cevaplar\u0131 bulacaks\u0131n\u0131z.\" \/>\n<meta property=\"og:url\" content=\"https:\/\/twijfeltelefoon.nl\/tr\/tibbi-bir-konu-hakkinda-suphelerim-var\/hpv-virusu\/\" \/>\n<meta property=\"og:site_name\" content=\"De Twijfeltelefoon\" \/>\n<meta property=\"article:modified_time\" content=\"2024-06-13T13:00:40+00:00\" \/>\n<meta property=\"og:image\" content=\"https:\/\/twijfeltelefoon.nl\/wp-content\/uploads\/2022\/03\/twijfeltelefoon-social.png\" \/>\n\t<meta property=\"og:image:width\" content=\"351\" \/>\n\t<meta property=\"og:image:height\" content=\"351\" \/>\n\t<meta property=\"og:image:type\" content=\"image\/png\" \/>\n<meta name=\"twitter:card\" content=\"summary_large_image\" \/>\n<script type=\"application\/ld+json\" class=\"yoast-schema-graph\">{\"@context\":\"https:\\\/\\\/schema.org\",\"@graph\":[{\"@type\":\"WebPage\",\"@id\":\"https:\\\/\\\/twijfeltelefoon.nl\\\/tr\\\/tibbi-bir-konu-hakkinda-suphelerim-var\\\/hpv-virusu\\\/\",\"url\":\"https:\\\/\\\/twijfeltelefoon.nl\\\/tr\\\/tibbi-bir-konu-hakkinda-suphelerim-var\\\/hpv-virusu\\\/\",\"name\":\"HPV vir\u00fcs\u00fc | De Twijfeltelefoon\",\"isPartOf\":{\"@id\":\"https:\\\/\\\/twijfeltelefoon.nl\\\/tr\\\/#website\"},\"primaryImageOfPage\":{\"@id\":\"https:\\\/\\\/twijfeltelefoon.nl\\\/tr\\\/tibbi-bir-konu-hakkinda-suphelerim-var\\\/hpv-virusu\\\/#primaryimage\"},\"image\":{\"@id\":\"https:\\\/\\\/twijfeltelefoon.nl\\\/tr\\\/tibbi-bir-konu-hakkinda-suphelerim-var\\\/hpv-virusu\\\/#primaryimage\"},\"thumbnailUrl\":\"https:\\\/\\\/twijfeltelefoon.nl\\\/wp-content\\\/uploads\\\/2024\\\/06\\\/hpv-vaccin.svg\",\"datePublished\":\"2022-08-06T12:13:47+00:00\",\"dateModified\":\"2024-06-13T13:00:40+00:00\",\"description\":\"HPV'den emin de\u011fil misiniz? Doubt Telephone web sitesinde s\u0131k sorulan sorularda HPV a\u015f\u0131s\u0131 ile ilgili cevaplar\u0131 bulacaks\u0131n\u0131z.\",\"breadcrumb\":{\"@id\":\"https:\\\/\\\/twijfeltelefoon.nl\\\/tr\\\/tibbi-bir-konu-hakkinda-suphelerim-var\\\/hpv-virusu\\\/#breadcrumb\"},\"inLanguage\":\"tr\",\"potentialAction\":[{\"@type\":\"ReadAction\",\"target\":[\"https:\\\/\\\/twijfeltelefoon.nl\\\/tr\\\/tibbi-bir-konu-hakkinda-suphelerim-var\\\/hpv-virusu\\\/\"]}]},{\"@type\":\"ImageObject\",\"inLanguage\":\"tr\",\"@id\":\"https:\\\/\\\/twijfeltelefoon.nl\\\/tr\\\/tibbi-bir-konu-hakkinda-suphelerim-var\\\/hpv-virusu\\\/#primaryimage\",\"url\":\"https:\\\/\\\/twijfeltelefoon.nl\\\/wp-content\\\/uploads\\\/2024\\\/06\\\/hpv-vaccin.svg\",\"contentUrl\":\"https:\\\/\\\/twijfeltelefoon.nl\\\/wp-content\\\/uploads\\\/2024\\\/06\\\/hpv-vaccin.svg\",\"caption\":\"hpv vaccin\"},{\"@type\":\"BreadcrumbList\",\"@id\":\"https:\\\/\\\/twijfeltelefoon.nl\\\/tr\\\/tibbi-bir-konu-hakkinda-suphelerim-var\\\/hpv-virusu\\\/#breadcrumb\",\"itemListElement\":[{\"@type\":\"ListItem\",\"position\":1,\"name\":\"Home\",\"item\":\"https:\\\/\\\/twijfeltelefoon.nl\\\/tr\\\/\"},{\"@type\":\"ListItem\",\"position\":2,\"name\":\"T\u0131bbi bir konu hakk\u0131nda \u015f\u00fcphelerim var\",\"item\":\"https:\\\/\\\/twijfeltelefoon.nl\\\/tr\\\/tibbi-bir-konu-hakkinda-suphelerim-var\\\/\"},{\"@type\":\"ListItem\",\"position\":3,\"name\":\"HPV vir\u00fcs\u00fc\"}]},{\"@type\":\"WebSite\",\"@id\":\"https:\\\/\\\/twijfeltelefoon.nl\\\/tr\\\/#website\",\"url\":\"https:\\\/\\\/twijfeltelefoon.nl\\\/tr\\\/\",\"name\":\"De Twijfeltelefoon\",\"description\":\"\",\"publisher\":{\"@id\":\"https:\\\/\\\/twijfeltelefoon.nl\\\/tr\\\/#organization\"},\"potentialAction\":[{\"@type\":\"SearchAction\",\"target\":{\"@type\":\"EntryPoint\",\"urlTemplate\":\"https:\\\/\\\/twijfeltelefoon.nl\\\/tr\\\/?s={search_term_string}\"},\"query-input\":{\"@type\":\"PropertyValueSpecification\",\"valueRequired\":true,\"valueName\":\"search_term_string\"}}],\"inLanguage\":\"tr\"},{\"@type\":\"Organization\",\"@id\":\"https:\\\/\\\/twijfeltelefoon.nl\\\/tr\\\/#organization\",\"name\":\"Twijfeltelefoon\",\"url\":\"https:\\\/\\\/twijfeltelefoon.nl\\\/tr\\\/\",\"logo\":{\"@type\":\"ImageObject\",\"inLanguage\":\"tr\",\"@id\":\"https:\\\/\\\/twijfeltelefoon.nl\\\/tr\\\/#\\\/schema\\\/logo\\\/image\\\/\",\"url\":\"https:\\\/\\\/twijfeltelefoon.nl\\\/wp-content\\\/uploads\\\/2022\\\/03\\\/twijfeltelefoon-social@2x.png\",\"contentUrl\":\"https:\\\/\\\/twijfeltelefoon.nl\\\/wp-content\\\/uploads\\\/2022\\\/03\\\/twijfeltelefoon-social@2x.png\",\"width\":701,\"height\":701,\"caption\":\"Twijfeltelefoon\"},\"image\":{\"@id\":\"https:\\\/\\\/twijfeltelefoon.nl\\\/tr\\\/#\\\/schema\\\/logo\\\/image\\\/\"}}]}<\/script>\n<!-- \/ Yoast SEO plugin. -->","yoast_head_json":{"title":"HPV vir\u00fcs\u00fc | De Twijfeltelefoon","description":"HPV'den emin de\u011fil misiniz? Doubt Telephone web sitesinde s\u0131k sorulan sorularda HPV a\u015f\u0131s\u0131 ile ilgili cevaplar\u0131 bulacaks\u0131n\u0131z.","robots":{"index":"index","follow":"follow","max-snippet":"max-snippet:-1","max-image-preview":"max-image-preview:large","max-video-preview":"max-video-preview:-1"},"canonical":"https:\/\/twijfeltelefoon.nl\/tr\/tibbi-bir-konu-hakkinda-suphelerim-var\/hpv-virusu\/","og_locale":"tr_TR","og_type":"article","og_title":"HPV vir\u00fcs\u00fc | De Twijfeltelefoon","og_description":"HPV'den emin de\u011fil misiniz? Doubt Telephone web sitesinde s\u0131k sorulan sorularda HPV a\u015f\u0131s\u0131 ile ilgili cevaplar\u0131 bulacaks\u0131n\u0131z.","og_url":"https:\/\/twijfeltelefoon.nl\/tr\/tibbi-bir-konu-hakkinda-suphelerim-var\/hpv-virusu\/","og_site_name":"De Twijfeltelefoon","article_modified_time":"2024-06-13T13:00:40+00:00","og_image":[{"width":351,"height":351,"url":"https:\/\/twijfeltelefoon.nl\/wp-content\/uploads\/2022\/03\/twijfeltelefoon-social.png","type":"image\/png"}],"twitter_card":"summary_large_image","schema":{"@context":"https:\/\/schema.org","@graph":[{"@type":"WebPage","@id":"https:\/\/twijfeltelefoon.nl\/tr\/tibbi-bir-konu-hakkinda-suphelerim-var\/hpv-virusu\/","url":"https:\/\/twijfeltelefoon.nl\/tr\/tibbi-bir-konu-hakkinda-suphelerim-var\/hpv-virusu\/","name":"HPV vir\u00fcs\u00fc | De Twijfeltelefoon","isPartOf":{"@id":"https:\/\/twijfeltelefoon.nl\/tr\/#website"},"primaryImageOfPage":{"@id":"https:\/\/twijfeltelefoon.nl\/tr\/tibbi-bir-konu-hakkinda-suphelerim-var\/hpv-virusu\/#primaryimage"},"image":{"@id":"https:\/\/twijfeltelefoon.nl\/tr\/tibbi-bir-konu-hakkinda-suphelerim-var\/hpv-virusu\/#primaryimage"},"thumbnailUrl":"https:\/\/twijfeltelefoon.nl\/wp-content\/uploads\/2024\/06\/hpv-vaccin.svg","datePublished":"2022-08-06T12:13:47+00:00","dateModified":"2024-06-13T13:00:40+00:00","description":"HPV'den emin de\u011fil misiniz? Doubt Telephone web sitesinde s\u0131k sorulan sorularda HPV a\u015f\u0131s\u0131 ile ilgili cevaplar\u0131 bulacaks\u0131n\u0131z.","breadcrumb":{"@id":"https:\/\/twijfeltelefoon.nl\/tr\/tibbi-bir-konu-hakkinda-suphelerim-var\/hpv-virusu\/#breadcrumb"},"inLanguage":"tr","potentialAction":[{"@type":"ReadAction","target":["https:\/\/twijfeltelefoon.nl\/tr\/tibbi-bir-konu-hakkinda-suphelerim-var\/hpv-virusu\/"]}]},{"@type":"ImageObject","inLanguage":"tr","@id":"https:\/\/twijfeltelefoon.nl\/tr\/tibbi-bir-konu-hakkinda-suphelerim-var\/hpv-virusu\/#primaryimage","url":"https:\/\/twijfeltelefoon.nl\/wp-content\/uploads\/2024\/06\/hpv-vaccin.svg","contentUrl":"https:\/\/twijfeltelefoon.nl\/wp-content\/uploads\/2024\/06\/hpv-vaccin.svg","caption":"hpv vaccin"},{"@type":"BreadcrumbList","@id":"https:\/\/twijfeltelefoon.nl\/tr\/tibbi-bir-konu-hakkinda-suphelerim-var\/hpv-virusu\/#breadcrumb","itemListElement":[{"@type":"ListItem","position":1,"name":"Home","item":"https:\/\/twijfeltelefoon.nl\/tr\/"},{"@type":"ListItem","position":2,"name":"T\u0131bbi bir konu hakk\u0131nda \u015f\u00fcphelerim var","item":"https:\/\/twijfeltelefoon.nl\/tr\/tibbi-bir-konu-hakkinda-suphelerim-var\/"},{"@type":"ListItem","position":3,"name":"HPV vir\u00fcs\u00fc"}]},{"@type":"WebSite","@id":"https:\/\/twijfeltelefoon.nl\/tr\/#website","url":"https:\/\/twijfeltelefoon.nl\/tr\/","name":"De Twijfeltelefoon","description":"","publisher":{"@id":"https:\/\/twijfeltelefoon.nl\/tr\/#organization"},"potentialAction":[{"@type":"SearchAction","target":{"@type":"EntryPoint","urlTemplate":"https:\/\/twijfeltelefoon.nl\/tr\/?s={search_term_string}"},"query-input":{"@type":"PropertyValueSpecification","valueRequired":true,"valueName":"search_term_string"}}],"inLanguage":"tr"},{"@type":"Organization","@id":"https:\/\/twijfeltelefoon.nl\/tr\/#organization","name":"Twijfeltelefoon","url":"https:\/\/twijfeltelefoon.nl\/tr\/","logo":{"@type":"ImageObject","inLanguage":"tr","@id":"https:\/\/twijfeltelefoon.nl\/tr\/#\/schema\/logo\/image\/","url":"https:\/\/twijfeltelefoon.nl\/wp-content\/uploads\/2022\/03\/twijfeltelefoon-social@2x.png","contentUrl":"https:\/\/twijfeltelefoon.nl\/wp-content\/uploads\/2022\/03\/twijfeltelefoon-social@2x.png","width":701,"height":701,"caption":"Twijfeltelefoon"},"image":{"@id":"https:\/\/twijfeltelefoon.nl\/tr\/#\/schema\/logo\/image\/"}}]}},"_links":{"self":[{"href":"https:\/\/twijfeltelefoon.nl\/tr\/wp-json\/wp\/v2\/pages\/1989","targetHints":{"allow":["GET"]}}],"collection":[{"href":"https:\/\/twijfeltelefoon.nl\/tr\/wp-json\/wp\/v2\/pages"}],"about":[{"href":"https:\/\/twijfeltelefoon.nl\/tr\/wp-json\/wp\/v2\/types\/page"}],"author":[{"embeddable":true,"href":"https:\/\/twijfeltelefoon.nl\/tr\/wp-json\/wp\/v2\/users\/1"}],"replies":[{"embeddable":true,"href":"https:\/\/twijfeltelefoon.nl\/tr\/wp-json\/wp\/v2\/comments?post=1989"}],"version-history":[{"count":4,"href":"https:\/\/twijfeltelefoon.nl\/tr\/wp-json\/wp\/v2\/pages\/1989\/revisions"}],"predecessor-version":[{"id":2581,"href":"https:\/\/twijfeltelefoon.nl\/tr\/wp-json\/wp\/v2\/pages\/1989\/revisions\/2581"}],"up":[{"embeddable":true,"href":"https:\/\/twijfeltelefoon.nl\/tr\/wp-json\/wp\/v2\/pages\/2544"}],"wp:featuredmedia":[{"embeddable":true,"href":"https:\/\/twijfeltelefoon.nl\/tr\/wp-json\/wp\/v2\/media\/2319"}],"wp:attachment":[{"href":"https:\/\/twijfeltelefoon.nl\/tr\/wp-json\/wp\/v2\/media?parent=1989"}],"curies":[{"name":"wp","href":"https:\/\/api.w.org\/{rel}","templated":true}]}}