{"id":2234,"date":"2024-02-23T18:44:49","date_gmt":"2024-02-23T17:44:49","guid":{"rendered":"https:\/\/twijfeltelefoon.nl\/antikonsepsiyon-dogum-kontrolu\/"},"modified":"2024-06-13T13:46:15","modified_gmt":"2024-06-13T11:46:15","slug":"antikonsepsiyon-dogum-kontrolu","status":"publish","type":"page","link":"https:\/\/twijfeltelefoon.nl\/tr\/tibbi-bir-konu-hakkinda-suphelerim-var\/antikonsepsiyon-dogum-kontrolu\/","title":{"rendered":"Antikonsepsiyon (Do\u011fum kontrol\u00fc)"},"content":{"rendered":"\n<h2 class=\"wp-block-heading\">\n\t\tDo\u011fum kontrol\u00fc konusunda emin de\u011fil misiniz?&#13;\n\t<\/h2>\n\n<p>\nDo\u011fum kontrol\u00fcyle ilgili \u00e7e\u015fitli efsaneler dola\u015f\u0131yor. Erasmus MC&#8217;deki doktorlar bu efsanelerden birka\u00e7\u0131n\u0131 sizin icin derledi. Do\u011fum kontrol\u00fc konusunda emin de\u011fil misiniz? O zaman \u015e\u00fcphe Telefonunu aray\u0131n ve hemen tavsiye al\u0131n.\n<\/p>\n\n<ul class=\"wp-block-list\">\n<li><strong>Efsane<\/strong>: ate\u015fin g\u00fcnl\u00fck olarak \u00f6l\u00e7\u00fclmesi, hamileli\u011fi \u00f6nlemenin g\u00fcvenilir bir y\u00f6ntemidir.<\/li>\n\n\n\n<li><strong>Efsane<\/strong>: do\u011fum kontrol hap\u0131n\u0131 yutmak sizin icin k\u00f6t\u00fcd\u00fcr.<\/li>\n\n\n\n<li><strong>Efsane<\/strong>: hap yuttugunuzda, tromboz riski artar.<\/li>\n\n\n\n<li><strong>Efsane<\/strong>: hormonlu spiral, kan\u0131n\u0131zdaki hormon seviyelerini s\u00fcrekli y\u00fcksek tutar.<\/li>\n<\/ul>\n","protected":false},"excerpt":{"rendered":"<p>Bir \u00fcniversitenin t\u0131p merkezinde \u00e7al\u0131\u015fan t\u0131p uzmanlar\u0131 taraf\u0131ndan \u00f6zenle derlenen bilgiler.<\/p>\n","protected":false},"author":1,"featured_media":2307,"parent":2544,"menu_order":0,"comment_status":"closed","ping_status":"closed","template":"","meta":{"_acf_changed":false,"inline_featured_image":false,"footnotes":""},"class_list":["post-2234","page","type-page","status-publish","has-post-thumbnail","hentry"],"acf":[],"yoast_head":"<!-- This site is optimized with the Yoast SEO plugin v27.4 - https:\/\/yoast.com\/product\/yoast-seo-wordpress\/ -->\n<title>Antikonsepsiyon (Do\u011fum kontrol\u00fc) | De Twijfeltelefoon<\/title>\n<meta name=\"description\" content=\"Do\u011fum kontrol\u00fc kullanma konusunda emin de\u011fil misiniz? Yard\u0131m hatt\u0131n\u0131 aray\u0131n\" \/>\n<meta name=\"robots\" content=\"index, follow, max-snippet:-1, max-image-preview:large, max-video-preview:-1\" \/>\n<link rel=\"canonical\" href=\"https:\/\/twijfeltelefoon.nl\/tr\/tibbi-bir-konu-hakkinda-suphelerim-var\/antikonsepsiyon-dogum-kontrolu\/\" \/>\n<meta property=\"og:locale\" content=\"tr_TR\" \/>\n<meta property=\"og:type\" content=\"article\" \/>\n<meta property=\"og:title\" content=\"Antikonsepsiyon (Do\u011fum kontrol\u00fc) | De Twijfeltelefoon\" \/>\n<meta property=\"og:description\" content=\"Do\u011fum kontrol\u00fc kullanma konusunda emin de\u011fil misiniz? Yard\u0131m hatt\u0131n\u0131 aray\u0131n\" \/>\n<meta property=\"og:url\" content=\"https:\/\/twijfeltelefoon.nl\/tr\/tibbi-bir-konu-hakkinda-suphelerim-var\/antikonsepsiyon-dogum-kontrolu\/\" \/>\n<meta property=\"og:site_name\" content=\"De Twijfeltelefoon\" \/>\n<meta property=\"article:modified_time\" content=\"2024-06-13T11:46:15+00:00\" \/>\n<meta property=\"og:image\" content=\"https:\/\/twijfeltelefoon.nl\/wp-content\/uploads\/2022\/03\/twijfeltelefoon-social.png\" \/>\n\t<meta property=\"og:image:width\" content=\"351\" \/>\n\t<meta property=\"og:image:height\" content=\"351\" \/>\n\t<meta property=\"og:image:type\" content=\"image\/png\" \/>\n<meta name=\"twitter:card\" content=\"summary_large_image\" \/>\n<script type=\"application\/ld+json\" class=\"yoast-schema-graph\">{\"@context\":\"https:\\\/\\\/schema.org\",\"@graph\":[{\"@type\":\"WebPage\",\"@id\":\"https:\\\/\\\/twijfeltelefoon.nl\\\/tr\\\/tibbi-bir-konu-hakkinda-suphelerim-var\\\/antikonsepsiyon-dogum-kontrolu\\\/\",\"url\":\"https:\\\/\\\/twijfeltelefoon.nl\\\/tr\\\/tibbi-bir-konu-hakkinda-suphelerim-var\\\/antikonsepsiyon-dogum-kontrolu\\\/\",\"name\":\"Antikonsepsiyon (Do\u011fum kontrol\u00fc) | De Twijfeltelefoon\",\"isPartOf\":{\"@id\":\"https:\\\/\\\/twijfeltelefoon.nl\\\/tr\\\/#website\"},\"primaryImageOfPage\":{\"@id\":\"https:\\\/\\\/twijfeltelefoon.nl\\\/tr\\\/tibbi-bir-konu-hakkinda-suphelerim-var\\\/antikonsepsiyon-dogum-kontrolu\\\/#primaryimage\"},\"image\":{\"@id\":\"https:\\\/\\\/twijfeltelefoon.nl\\\/tr\\\/tibbi-bir-konu-hakkinda-suphelerim-var\\\/antikonsepsiyon-dogum-kontrolu\\\/#primaryimage\"},\"thumbnailUrl\":\"https:\\\/\\\/twijfeltelefoon.nl\\\/wp-content\\\/uploads\\\/2024\\\/06\\\/anticonceptie.svg\",\"datePublished\":\"2024-02-23T17:44:49+00:00\",\"dateModified\":\"2024-06-13T11:46:15+00:00\",\"description\":\"Do\u011fum kontrol\u00fc kullanma konusunda emin de\u011fil misiniz? Yard\u0131m hatt\u0131n\u0131 aray\u0131n\",\"breadcrumb\":{\"@id\":\"https:\\\/\\\/twijfeltelefoon.nl\\\/tr\\\/tibbi-bir-konu-hakkinda-suphelerim-var\\\/antikonsepsiyon-dogum-kontrolu\\\/#breadcrumb\"},\"inLanguage\":\"tr\",\"potentialAction\":[{\"@type\":\"ReadAction\",\"target\":[\"https:\\\/\\\/twijfeltelefoon.nl\\\/tr\\\/tibbi-bir-konu-hakkinda-suphelerim-var\\\/antikonsepsiyon-dogum-kontrolu\\\/\"]}]},{\"@type\":\"ImageObject\",\"inLanguage\":\"tr\",\"@id\":\"https:\\\/\\\/twijfeltelefoon.nl\\\/tr\\\/tibbi-bir-konu-hakkinda-suphelerim-var\\\/antikonsepsiyon-dogum-kontrolu\\\/#primaryimage\",\"url\":\"https:\\\/\\\/twijfeltelefoon.nl\\\/wp-content\\\/uploads\\\/2024\\\/06\\\/anticonceptie.svg\",\"contentUrl\":\"https:\\\/\\\/twijfeltelefoon.nl\\\/wp-content\\\/uploads\\\/2024\\\/06\\\/anticonceptie.svg\",\"caption\":\"anticonceptie\"},{\"@type\":\"BreadcrumbList\",\"@id\":\"https:\\\/\\\/twijfeltelefoon.nl\\\/tr\\\/tibbi-bir-konu-hakkinda-suphelerim-var\\\/antikonsepsiyon-dogum-kontrolu\\\/#breadcrumb\",\"itemListElement\":[{\"@type\":\"ListItem\",\"position\":1,\"name\":\"Home\",\"item\":\"https:\\\/\\\/twijfeltelefoon.nl\\\/tr\\\/\"},{\"@type\":\"ListItem\",\"position\":2,\"name\":\"T\u0131bbi bir konu hakk\u0131nda \u015f\u00fcphelerim var\",\"item\":\"https:\\\/\\\/twijfeltelefoon.nl\\\/tr\\\/tibbi-bir-konu-hakkinda-suphelerim-var\\\/\"},{\"@type\":\"ListItem\",\"position\":3,\"name\":\"Antikonsepsiyon (Do\u011fum kontrol\u00fc)\"}]},{\"@type\":\"WebSite\",\"@id\":\"https:\\\/\\\/twijfeltelefoon.nl\\\/tr\\\/#website\",\"url\":\"https:\\\/\\\/twijfeltelefoon.nl\\\/tr\\\/\",\"name\":\"De Twijfeltelefoon\",\"description\":\"\",\"publisher\":{\"@id\":\"https:\\\/\\\/twijfeltelefoon.nl\\\/tr\\\/#organization\"},\"potentialAction\":[{\"@type\":\"SearchAction\",\"target\":{\"@type\":\"EntryPoint\",\"urlTemplate\":\"https:\\\/\\\/twijfeltelefoon.nl\\\/tr\\\/?s={search_term_string}\"},\"query-input\":{\"@type\":\"PropertyValueSpecification\",\"valueRequired\":true,\"valueName\":\"search_term_string\"}}],\"inLanguage\":\"tr\"},{\"@type\":\"Organization\",\"@id\":\"https:\\\/\\\/twijfeltelefoon.nl\\\/tr\\\/#organization\",\"name\":\"Twijfeltelefoon\",\"url\":\"https:\\\/\\\/twijfeltelefoon.nl\\\/tr\\\/\",\"logo\":{\"@type\":\"ImageObject\",\"inLanguage\":\"tr\",\"@id\":\"https:\\\/\\\/twijfeltelefoon.nl\\\/tr\\\/#\\\/schema\\\/logo\\\/image\\\/\",\"url\":\"https:\\\/\\\/twijfeltelefoon.nl\\\/wp-content\\\/uploads\\\/2022\\\/03\\\/twijfeltelefoon-social@2x.png\",\"contentUrl\":\"https:\\\/\\\/twijfeltelefoon.nl\\\/wp-content\\\/uploads\\\/2022\\\/03\\\/twijfeltelefoon-social@2x.png\",\"width\":701,\"height\":701,\"caption\":\"Twijfeltelefoon\"},\"image\":{\"@id\":\"https:\\\/\\\/twijfeltelefoon.nl\\\/tr\\\/#\\\/schema\\\/logo\\\/image\\\/\"}}]}<\/script>\n<!-- \/ Yoast SEO plugin. -->","yoast_head_json":{"title":"Antikonsepsiyon (Do\u011fum kontrol\u00fc) | De Twijfeltelefoon","description":"Do\u011fum kontrol\u00fc kullanma konusunda emin de\u011fil misiniz? Yard\u0131m hatt\u0131n\u0131 aray\u0131n","robots":{"index":"index","follow":"follow","max-snippet":"max-snippet:-1","max-image-preview":"max-image-preview:large","max-video-preview":"max-video-preview:-1"},"canonical":"https:\/\/twijfeltelefoon.nl\/tr\/tibbi-bir-konu-hakkinda-suphelerim-var\/antikonsepsiyon-dogum-kontrolu\/","og_locale":"tr_TR","og_type":"article","og_title":"Antikonsepsiyon (Do\u011fum kontrol\u00fc) | De Twijfeltelefoon","og_description":"Do\u011fum kontrol\u00fc kullanma konusunda emin de\u011fil misiniz? Yard\u0131m hatt\u0131n\u0131 aray\u0131n","og_url":"https:\/\/twijfeltelefoon.nl\/tr\/tibbi-bir-konu-hakkinda-suphelerim-var\/antikonsepsiyon-dogum-kontrolu\/","og_site_name":"De Twijfeltelefoon","article_modified_time":"2024-06-13T11:46:15+00:00","og_image":[{"width":351,"height":351,"url":"https:\/\/twijfeltelefoon.nl\/wp-content\/uploads\/2022\/03\/twijfeltelefoon-social.png","type":"image\/png"}],"twitter_card":"summary_large_image","schema":{"@context":"https:\/\/schema.org","@graph":[{"@type":"WebPage","@id":"https:\/\/twijfeltelefoon.nl\/tr\/tibbi-bir-konu-hakkinda-suphelerim-var\/antikonsepsiyon-dogum-kontrolu\/","url":"https:\/\/twijfeltelefoon.nl\/tr\/tibbi-bir-konu-hakkinda-suphelerim-var\/antikonsepsiyon-dogum-kontrolu\/","name":"Antikonsepsiyon (Do\u011fum kontrol\u00fc) | De Twijfeltelefoon","isPartOf":{"@id":"https:\/\/twijfeltelefoon.nl\/tr\/#website"},"primaryImageOfPage":{"@id":"https:\/\/twijfeltelefoon.nl\/tr\/tibbi-bir-konu-hakkinda-suphelerim-var\/antikonsepsiyon-dogum-kontrolu\/#primaryimage"},"image":{"@id":"https:\/\/twijfeltelefoon.nl\/tr\/tibbi-bir-konu-hakkinda-suphelerim-var\/antikonsepsiyon-dogum-kontrolu\/#primaryimage"},"thumbnailUrl":"https:\/\/twijfeltelefoon.nl\/wp-content\/uploads\/2024\/06\/anticonceptie.svg","datePublished":"2024-02-23T17:44:49+00:00","dateModified":"2024-06-13T11:46:15+00:00","description":"Do\u011fum kontrol\u00fc kullanma konusunda emin de\u011fil misiniz? Yard\u0131m hatt\u0131n\u0131 aray\u0131n","breadcrumb":{"@id":"https:\/\/twijfeltelefoon.nl\/tr\/tibbi-bir-konu-hakkinda-suphelerim-var\/antikonsepsiyon-dogum-kontrolu\/#breadcrumb"},"inLanguage":"tr","potentialAction":[{"@type":"ReadAction","target":["https:\/\/twijfeltelefoon.nl\/tr\/tibbi-bir-konu-hakkinda-suphelerim-var\/antikonsepsiyon-dogum-kontrolu\/"]}]},{"@type":"ImageObject","inLanguage":"tr","@id":"https:\/\/twijfeltelefoon.nl\/tr\/tibbi-bir-konu-hakkinda-suphelerim-var\/antikonsepsiyon-dogum-kontrolu\/#primaryimage","url":"https:\/\/twijfeltelefoon.nl\/wp-content\/uploads\/2024\/06\/anticonceptie.svg","contentUrl":"https:\/\/twijfeltelefoon.nl\/wp-content\/uploads\/2024\/06\/anticonceptie.svg","caption":"anticonceptie"},{"@type":"BreadcrumbList","@id":"https:\/\/twijfeltelefoon.nl\/tr\/tibbi-bir-konu-hakkinda-suphelerim-var\/antikonsepsiyon-dogum-kontrolu\/#breadcrumb","itemListElement":[{"@type":"ListItem","position":1,"name":"Home","item":"https:\/\/twijfeltelefoon.nl\/tr\/"},{"@type":"ListItem","position":2,"name":"T\u0131bbi bir konu hakk\u0131nda \u015f\u00fcphelerim var","item":"https:\/\/twijfeltelefoon.nl\/tr\/tibbi-bir-konu-hakkinda-suphelerim-var\/"},{"@type":"ListItem","position":3,"name":"Antikonsepsiyon (Do\u011fum kontrol\u00fc)"}]},{"@type":"WebSite","@id":"https:\/\/twijfeltelefoon.nl\/tr\/#website","url":"https:\/\/twijfeltelefoon.nl\/tr\/","name":"De Twijfeltelefoon","description":"","publisher":{"@id":"https:\/\/twijfeltelefoon.nl\/tr\/#organization"},"potentialAction":[{"@type":"SearchAction","target":{"@type":"EntryPoint","urlTemplate":"https:\/\/twijfeltelefoon.nl\/tr\/?s={search_term_string}"},"query-input":{"@type":"PropertyValueSpecification","valueRequired":true,"valueName":"search_term_string"}}],"inLanguage":"tr"},{"@type":"Organization","@id":"https:\/\/twijfeltelefoon.nl\/tr\/#organization","name":"Twijfeltelefoon","url":"https:\/\/twijfeltelefoon.nl\/tr\/","logo":{"@type":"ImageObject","inLanguage":"tr","@id":"https:\/\/twijfeltelefoon.nl\/tr\/#\/schema\/logo\/image\/","url":"https:\/\/twijfeltelefoon.nl\/wp-content\/uploads\/2022\/03\/twijfeltelefoon-social@2x.png","contentUrl":"https:\/\/twijfeltelefoon.nl\/wp-content\/uploads\/2022\/03\/twijfeltelefoon-social@2x.png","width":701,"height":701,"caption":"Twijfeltelefoon"},"image":{"@id":"https:\/\/twijfeltelefoon.nl\/tr\/#\/schema\/logo\/image\/"}}]}},"_links":{"self":[{"href":"https:\/\/twijfeltelefoon.nl\/tr\/wp-json\/wp\/v2\/pages\/2234","targetHints":{"allow":["GET"]}}],"collection":[{"href":"https:\/\/twijfeltelefoon.nl\/tr\/wp-json\/wp\/v2\/pages"}],"about":[{"href":"https:\/\/twijfeltelefoon.nl\/tr\/wp-json\/wp\/v2\/types\/page"}],"author":[{"embeddable":true,"href":"https:\/\/twijfeltelefoon.nl\/tr\/wp-json\/wp\/v2\/users\/1"}],"replies":[{"embeddable":true,"href":"https:\/\/twijfeltelefoon.nl\/tr\/wp-json\/wp\/v2\/comments?post=2234"}],"version-history":[{"count":3,"href":"https:\/\/twijfeltelefoon.nl\/tr\/wp-json\/wp\/v2\/pages\/2234\/revisions"}],"predecessor-version":[{"id":2557,"href":"https:\/\/twijfeltelefoon.nl\/tr\/wp-json\/wp\/v2\/pages\/2234\/revisions\/2557"}],"up":[{"embeddable":true,"href":"https:\/\/twijfeltelefoon.nl\/tr\/wp-json\/wp\/v2\/pages\/2544"}],"wp:featuredmedia":[{"embeddable":true,"href":"https:\/\/twijfeltelefoon.nl\/tr\/wp-json\/wp\/v2\/media\/2307"}],"wp:attachment":[{"href":"https:\/\/twijfeltelefoon.nl\/tr\/wp-json\/wp\/v2\/media?parent=2234"}],"curies":[{"name":"wp","href":"https:\/\/api.w.org\/{rel}","templated":true}]}}