{"id":2568,"date":"2024-06-13T14:23:13","date_gmt":"2024-06-13T12:23:13","guid":{"rendered":"https:\/\/twijfeltelefoon.nl\/tibbi-bir-konu-hakkinda-suphelerim-var\/bogmaca-oksurugu\/"},"modified":"2025-02-02T18:35:14","modified_gmt":"2025-02-02T17:35:14","slug":"bogmaca-oksurugu","status":"publish","type":"page","link":"https:\/\/twijfeltelefoon.nl\/tr\/tibbi-bir-konu-hakkinda-suphelerim-var\/bogmaca-oksurugu\/","title":{"rendered":"Bo\u011fmaca \u00f6ks\u00fcr\u00fc\u011f\u00fc"},"content":{"rendered":"\n<p>Bo\u011fmaca bir hastal\u0131kt\u0131r. Hastal\u0131k solunum yollar\u0131nda yer al\u0131r. Burun ak\u0131nt\u0131s\u0131 ve \u00f6ks\u00fcr\u00fck ataklar\u0131 yapar. Bir bakteri nedeniyle olu\u015fur. Bula\u015f\u0131c\u0131d\u0131r. Bazen ciddi hale gelebilir.<\/p>\n","protected":false},"excerpt":{"rendered":"<p>Bo\u011fmaca bir hastal\u0131kt\u0131r. Hastal\u0131k solunum yollar\u0131nda yer al\u0131r. Burun ak\u0131nt\u0131s\u0131 ve \u00f6ks\u00fcr\u00fck ataklar\u0131 yapar. Bir bakteri nedeniyle olu\u015fur. Bula\u015f\u0131c\u0131d\u0131r. Bazen ciddi hale gelebilir.<\/p>\n","protected":false},"author":1,"featured_media":2327,"parent":2544,"menu_order":0,"comment_status":"closed","ping_status":"closed","template":"","meta":{"_acf_changed":false,"inline_featured_image":false,"footnotes":""},"class_list":["post-2568","page","type-page","status-publish","has-post-thumbnail","hentry"],"acf":[],"yoast_head":"<!-- This site is optimized with the Yoast SEO plugin v27.4 - https:\/\/yoast.com\/product\/yoast-seo-wordpress\/ -->\n<title>Bo\u011fmaca \u00f6ks\u00fcr\u00fc\u011f\u00fc | De Twijfeltelefoon<\/title>\n<meta name=\"robots\" content=\"index, follow, max-snippet:-1, max-image-preview:large, max-video-preview:-1\" \/>\n<link rel=\"canonical\" href=\"https:\/\/twijfeltelefoon.nl\/tr\/tibbi-bir-konu-hakkinda-suphelerim-var\/bogmaca-oksurugu\/\" \/>\n<meta property=\"og:locale\" content=\"tr_TR\" \/>\n<meta property=\"og:type\" content=\"article\" \/>\n<meta property=\"og:title\" content=\"Bo\u011fmaca \u00f6ks\u00fcr\u00fc\u011f\u00fc | De Twijfeltelefoon\" \/>\n<meta property=\"og:description\" content=\"Bo\u011fmaca bir hastal\u0131kt\u0131r. Hastal\u0131k solunum yollar\u0131nda yer al\u0131r. Burun ak\u0131nt\u0131s\u0131 ve \u00f6ks\u00fcr\u00fck ataklar\u0131 yapar. Bir bakteri nedeniyle olu\u015fur. Bula\u015f\u0131c\u0131d\u0131r. Bazen ciddi hale gelebilir.\" \/>\n<meta property=\"og:url\" content=\"https:\/\/twijfeltelefoon.nl\/tr\/tibbi-bir-konu-hakkinda-suphelerim-var\/bogmaca-oksurugu\/\" \/>\n<meta property=\"og:site_name\" content=\"De Twijfeltelefoon\" \/>\n<meta property=\"article:modified_time\" content=\"2025-02-02T17:35:14+00:00\" \/>\n<meta property=\"og:image\" content=\"https:\/\/twijfeltelefoon.nl\/wp-content\/uploads\/2022\/03\/twijfeltelefoon-social.png\" \/>\n\t<meta property=\"og:image:width\" content=\"351\" \/>\n\t<meta property=\"og:image:height\" content=\"351\" \/>\n\t<meta property=\"og:image:type\" content=\"image\/png\" \/>\n<meta name=\"twitter:card\" content=\"summary_large_image\" \/>\n<script type=\"application\/ld+json\" class=\"yoast-schema-graph\">{\"@context\":\"https:\\\/\\\/schema.org\",\"@graph\":[{\"@type\":\"WebPage\",\"@id\":\"https:\\\/\\\/twijfeltelefoon.nl\\\/tr\\\/tibbi-bir-konu-hakkinda-suphelerim-var\\\/bogmaca-oksurugu\\\/\",\"url\":\"https:\\\/\\\/twijfeltelefoon.nl\\\/tr\\\/tibbi-bir-konu-hakkinda-suphelerim-var\\\/bogmaca-oksurugu\\\/\",\"name\":\"Bo\u011fmaca \u00f6ks\u00fcr\u00fc\u011f\u00fc | De Twijfeltelefoon\",\"isPartOf\":{\"@id\":\"https:\\\/\\\/twijfeltelefoon.nl\\\/tr\\\/#website\"},\"primaryImageOfPage\":{\"@id\":\"https:\\\/\\\/twijfeltelefoon.nl\\\/tr\\\/tibbi-bir-konu-hakkinda-suphelerim-var\\\/bogmaca-oksurugu\\\/#primaryimage\"},\"image\":{\"@id\":\"https:\\\/\\\/twijfeltelefoon.nl\\\/tr\\\/tibbi-bir-konu-hakkinda-suphelerim-var\\\/bogmaca-oksurugu\\\/#primaryimage\"},\"thumbnailUrl\":\"https:\\\/\\\/twijfeltelefoon.nl\\\/wp-content\\\/uploads\\\/2024\\\/06\\\/kinkhoest.svg\",\"datePublished\":\"2024-06-13T12:23:13+00:00\",\"dateModified\":\"2025-02-02T17:35:14+00:00\",\"breadcrumb\":{\"@id\":\"https:\\\/\\\/twijfeltelefoon.nl\\\/tr\\\/tibbi-bir-konu-hakkinda-suphelerim-var\\\/bogmaca-oksurugu\\\/#breadcrumb\"},\"inLanguage\":\"tr\",\"potentialAction\":[{\"@type\":\"ReadAction\",\"target\":[\"https:\\\/\\\/twijfeltelefoon.nl\\\/tr\\\/tibbi-bir-konu-hakkinda-suphelerim-var\\\/bogmaca-oksurugu\\\/\"]}]},{\"@type\":\"ImageObject\",\"inLanguage\":\"tr\",\"@id\":\"https:\\\/\\\/twijfeltelefoon.nl\\\/tr\\\/tibbi-bir-konu-hakkinda-suphelerim-var\\\/bogmaca-oksurugu\\\/#primaryimage\",\"url\":\"https:\\\/\\\/twijfeltelefoon.nl\\\/wp-content\\\/uploads\\\/2024\\\/06\\\/kinkhoest.svg\",\"contentUrl\":\"https:\\\/\\\/twijfeltelefoon.nl\\\/wp-content\\\/uploads\\\/2024\\\/06\\\/kinkhoest.svg\",\"caption\":\"kinkhoest\"},{\"@type\":\"BreadcrumbList\",\"@id\":\"https:\\\/\\\/twijfeltelefoon.nl\\\/tr\\\/tibbi-bir-konu-hakkinda-suphelerim-var\\\/bogmaca-oksurugu\\\/#breadcrumb\",\"itemListElement\":[{\"@type\":\"ListItem\",\"position\":1,\"name\":\"Home\",\"item\":\"https:\\\/\\\/twijfeltelefoon.nl\\\/tr\\\/\"},{\"@type\":\"ListItem\",\"position\":2,\"name\":\"T\u0131bbi bir konu hakk\u0131nda \u015f\u00fcphelerim var\",\"item\":\"https:\\\/\\\/twijfeltelefoon.nl\\\/tr\\\/tibbi-bir-konu-hakkinda-suphelerim-var\\\/\"},{\"@type\":\"ListItem\",\"position\":3,\"name\":\"Bo\u011fmaca \u00f6ks\u00fcr\u00fc\u011f\u00fc\"}]},{\"@type\":\"WebSite\",\"@id\":\"https:\\\/\\\/twijfeltelefoon.nl\\\/tr\\\/#website\",\"url\":\"https:\\\/\\\/twijfeltelefoon.nl\\\/tr\\\/\",\"name\":\"De Twijfeltelefoon\",\"description\":\"\",\"publisher\":{\"@id\":\"https:\\\/\\\/twijfeltelefoon.nl\\\/tr\\\/#organization\"},\"potentialAction\":[{\"@type\":\"SearchAction\",\"target\":{\"@type\":\"EntryPoint\",\"urlTemplate\":\"https:\\\/\\\/twijfeltelefoon.nl\\\/tr\\\/?s={search_term_string}\"},\"query-input\":{\"@type\":\"PropertyValueSpecification\",\"valueRequired\":true,\"valueName\":\"search_term_string\"}}],\"inLanguage\":\"tr\"},{\"@type\":\"Organization\",\"@id\":\"https:\\\/\\\/twijfeltelefoon.nl\\\/tr\\\/#organization\",\"name\":\"Twijfeltelefoon\",\"url\":\"https:\\\/\\\/twijfeltelefoon.nl\\\/tr\\\/\",\"logo\":{\"@type\":\"ImageObject\",\"inLanguage\":\"tr\",\"@id\":\"https:\\\/\\\/twijfeltelefoon.nl\\\/tr\\\/#\\\/schema\\\/logo\\\/image\\\/\",\"url\":\"https:\\\/\\\/twijfeltelefoon.nl\\\/wp-content\\\/uploads\\\/2022\\\/03\\\/twijfeltelefoon-social@2x.png\",\"contentUrl\":\"https:\\\/\\\/twijfeltelefoon.nl\\\/wp-content\\\/uploads\\\/2022\\\/03\\\/twijfeltelefoon-social@2x.png\",\"width\":701,\"height\":701,\"caption\":\"Twijfeltelefoon\"},\"image\":{\"@id\":\"https:\\\/\\\/twijfeltelefoon.nl\\\/tr\\\/#\\\/schema\\\/logo\\\/image\\\/\"}}]}<\/script>\n<!-- \/ Yoast SEO plugin. -->","yoast_head_json":{"title":"Bo\u011fmaca \u00f6ks\u00fcr\u00fc\u011f\u00fc | De Twijfeltelefoon","robots":{"index":"index","follow":"follow","max-snippet":"max-snippet:-1","max-image-preview":"max-image-preview:large","max-video-preview":"max-video-preview:-1"},"canonical":"https:\/\/twijfeltelefoon.nl\/tr\/tibbi-bir-konu-hakkinda-suphelerim-var\/bogmaca-oksurugu\/","og_locale":"tr_TR","og_type":"article","og_title":"Bo\u011fmaca \u00f6ks\u00fcr\u00fc\u011f\u00fc | De Twijfeltelefoon","og_description":"Bo\u011fmaca bir hastal\u0131kt\u0131r. Hastal\u0131k solunum yollar\u0131nda yer al\u0131r. Burun ak\u0131nt\u0131s\u0131 ve \u00f6ks\u00fcr\u00fck ataklar\u0131 yapar. Bir bakteri nedeniyle olu\u015fur. Bula\u015f\u0131c\u0131d\u0131r. Bazen ciddi hale gelebilir.","og_url":"https:\/\/twijfeltelefoon.nl\/tr\/tibbi-bir-konu-hakkinda-suphelerim-var\/bogmaca-oksurugu\/","og_site_name":"De Twijfeltelefoon","article_modified_time":"2025-02-02T17:35:14+00:00","og_image":[{"width":351,"height":351,"url":"https:\/\/twijfeltelefoon.nl\/wp-content\/uploads\/2022\/03\/twijfeltelefoon-social.png","type":"image\/png"}],"twitter_card":"summary_large_image","schema":{"@context":"https:\/\/schema.org","@graph":[{"@type":"WebPage","@id":"https:\/\/twijfeltelefoon.nl\/tr\/tibbi-bir-konu-hakkinda-suphelerim-var\/bogmaca-oksurugu\/","url":"https:\/\/twijfeltelefoon.nl\/tr\/tibbi-bir-konu-hakkinda-suphelerim-var\/bogmaca-oksurugu\/","name":"Bo\u011fmaca \u00f6ks\u00fcr\u00fc\u011f\u00fc | De Twijfeltelefoon","isPartOf":{"@id":"https:\/\/twijfeltelefoon.nl\/tr\/#website"},"primaryImageOfPage":{"@id":"https:\/\/twijfeltelefoon.nl\/tr\/tibbi-bir-konu-hakkinda-suphelerim-var\/bogmaca-oksurugu\/#primaryimage"},"image":{"@id":"https:\/\/twijfeltelefoon.nl\/tr\/tibbi-bir-konu-hakkinda-suphelerim-var\/bogmaca-oksurugu\/#primaryimage"},"thumbnailUrl":"https:\/\/twijfeltelefoon.nl\/wp-content\/uploads\/2024\/06\/kinkhoest.svg","datePublished":"2024-06-13T12:23:13+00:00","dateModified":"2025-02-02T17:35:14+00:00","breadcrumb":{"@id":"https:\/\/twijfeltelefoon.nl\/tr\/tibbi-bir-konu-hakkinda-suphelerim-var\/bogmaca-oksurugu\/#breadcrumb"},"inLanguage":"tr","potentialAction":[{"@type":"ReadAction","target":["https:\/\/twijfeltelefoon.nl\/tr\/tibbi-bir-konu-hakkinda-suphelerim-var\/bogmaca-oksurugu\/"]}]},{"@type":"ImageObject","inLanguage":"tr","@id":"https:\/\/twijfeltelefoon.nl\/tr\/tibbi-bir-konu-hakkinda-suphelerim-var\/bogmaca-oksurugu\/#primaryimage","url":"https:\/\/twijfeltelefoon.nl\/wp-content\/uploads\/2024\/06\/kinkhoest.svg","contentUrl":"https:\/\/twijfeltelefoon.nl\/wp-content\/uploads\/2024\/06\/kinkhoest.svg","caption":"kinkhoest"},{"@type":"BreadcrumbList","@id":"https:\/\/twijfeltelefoon.nl\/tr\/tibbi-bir-konu-hakkinda-suphelerim-var\/bogmaca-oksurugu\/#breadcrumb","itemListElement":[{"@type":"ListItem","position":1,"name":"Home","item":"https:\/\/twijfeltelefoon.nl\/tr\/"},{"@type":"ListItem","position":2,"name":"T\u0131bbi bir konu hakk\u0131nda \u015f\u00fcphelerim var","item":"https:\/\/twijfeltelefoon.nl\/tr\/tibbi-bir-konu-hakkinda-suphelerim-var\/"},{"@type":"ListItem","position":3,"name":"Bo\u011fmaca \u00f6ks\u00fcr\u00fc\u011f\u00fc"}]},{"@type":"WebSite","@id":"https:\/\/twijfeltelefoon.nl\/tr\/#website","url":"https:\/\/twijfeltelefoon.nl\/tr\/","name":"De Twijfeltelefoon","description":"","publisher":{"@id":"https:\/\/twijfeltelefoon.nl\/tr\/#organization"},"potentialAction":[{"@type":"SearchAction","target":{"@type":"EntryPoint","urlTemplate":"https:\/\/twijfeltelefoon.nl\/tr\/?s={search_term_string}"},"query-input":{"@type":"PropertyValueSpecification","valueRequired":true,"valueName":"search_term_string"}}],"inLanguage":"tr"},{"@type":"Organization","@id":"https:\/\/twijfeltelefoon.nl\/tr\/#organization","name":"Twijfeltelefoon","url":"https:\/\/twijfeltelefoon.nl\/tr\/","logo":{"@type":"ImageObject","inLanguage":"tr","@id":"https:\/\/twijfeltelefoon.nl\/tr\/#\/schema\/logo\/image\/","url":"https:\/\/twijfeltelefoon.nl\/wp-content\/uploads\/2022\/03\/twijfeltelefoon-social@2x.png","contentUrl":"https:\/\/twijfeltelefoon.nl\/wp-content\/uploads\/2022\/03\/twijfeltelefoon-social@2x.png","width":701,"height":701,"caption":"Twijfeltelefoon"},"image":{"@id":"https:\/\/twijfeltelefoon.nl\/tr\/#\/schema\/logo\/image\/"}}]}},"_links":{"self":[{"href":"https:\/\/twijfeltelefoon.nl\/tr\/wp-json\/wp\/v2\/pages\/2568","targetHints":{"allow":["GET"]}}],"collection":[{"href":"https:\/\/twijfeltelefoon.nl\/tr\/wp-json\/wp\/v2\/pages"}],"about":[{"href":"https:\/\/twijfeltelefoon.nl\/tr\/wp-json\/wp\/v2\/types\/page"}],"author":[{"embeddable":true,"href":"https:\/\/twijfeltelefoon.nl\/tr\/wp-json\/wp\/v2\/users\/1"}],"replies":[{"embeddable":true,"href":"https:\/\/twijfeltelefoon.nl\/tr\/wp-json\/wp\/v2\/comments?post=2568"}],"version-history":[{"count":7,"href":"https:\/\/twijfeltelefoon.nl\/tr\/wp-json\/wp\/v2\/pages\/2568\/revisions"}],"predecessor-version":[{"id":3044,"href":"https:\/\/twijfeltelefoon.nl\/tr\/wp-json\/wp\/v2\/pages\/2568\/revisions\/3044"}],"up":[{"embeddable":true,"href":"https:\/\/twijfeltelefoon.nl\/tr\/wp-json\/wp\/v2\/pages\/2544"}],"wp:featuredmedia":[{"embeddable":true,"href":"https:\/\/twijfeltelefoon.nl\/tr\/wp-json\/wp\/v2\/media\/2327"}],"wp:attachment":[{"href":"https:\/\/twijfeltelefoon.nl\/tr\/wp-json\/wp\/v2\/media?parent=2568"}],"curies":[{"name":"wp","href":"https:\/\/api.w.org\/{rel}","templated":true}]}}