{"id":2720,"date":"2024-06-24T12:25:07","date_gmt":"2024-06-24T10:25:07","guid":{"rendered":"https:\/\/twijfeltelefoon.nl\/tibbi-bir-konu-hakkinda-suphelerim-var\/kizamik\/"},"modified":"2025-01-23T12:53:52","modified_gmt":"2025-01-23T11:53:52","slug":"kizamik","status":"publish","type":"page","link":"https:\/\/twijfeltelefoon.nl\/tr\/tibbi-bir-konu-hakkinda-suphelerim-var\/kizamik\/","title":{"rendered":"K\u0131zam\u0131k"},"content":{"rendered":"\n<p>K\u0131zam\u0131k vir\u00fcs\u00fc bir hastal\u0131kt\u0131r. so\u011fuk alg\u0131nl\u0131\u011f\u0131na, y\u00fcksek ate\u015fe ve lekelere neden olur. Bunun nedeni bir vir\u00fcs. \u00c7ok bula\u015f\u0131c\u0131d\u0131r. Bazen k\u0131zam\u0131k ciddile\u015febilir.<\/p>\n","protected":false},"excerpt":{"rendered":"<p>K\u0131zam\u0131k vir\u00fcs\u00fc bir hastal\u0131kt\u0131r. so\u011fuk alg\u0131nl\u0131\u011f\u0131na, y\u00fcksek ate\u015fe ve lekelere neden olur. Bunun nedeni bir vir\u00fcs. \u00c7ok bula\u015f\u0131c\u0131d\u0131r. Bazen k\u0131zam\u0131k ciddile\u015febilir.<\/p>\n","protected":false},"author":1,"featured_media":2331,"parent":2544,"menu_order":0,"comment_status":"closed","ping_status":"closed","template":"","meta":{"_acf_changed":false,"inline_featured_image":false,"footnotes":""},"class_list":["post-2720","page","type-page","status-publish","has-post-thumbnail","hentry"],"acf":[],"yoast_head":"<!-- This site is optimized with the Yoast SEO plugin v27.4 - https:\/\/yoast.com\/product\/yoast-seo-wordpress\/ -->\n<title>K\u0131zam\u0131k | De Twijfeltelefoon<\/title>\n<meta name=\"description\" content=\"K\u0131zam\u0131k vir\u00fcs\u00fc bir hastal\u0131kt\u0131r. so\u011fuk alg\u0131nl\u0131\u011f\u0131na, y\u00fcksek ate\u015fe ve lekelere neden olur. Bunun nedeni bir vir\u00fcs. \u00c7ok bula\u015f\u0131c\u0131d\u0131r. Bazen k\u0131zam\u0131k ciddile\u015febilir.\" \/>\n<meta name=\"robots\" content=\"index, follow, max-snippet:-1, max-image-preview:large, max-video-preview:-1\" \/>\n<link rel=\"canonical\" href=\"https:\/\/twijfeltelefoon.nl\/tr\/tibbi-bir-konu-hakkinda-suphelerim-var\/kizamik\/\" \/>\n<meta property=\"og:locale\" content=\"tr_TR\" \/>\n<meta property=\"og:type\" content=\"article\" \/>\n<meta property=\"og:title\" content=\"K\u0131zam\u0131k | De Twijfeltelefoon\" \/>\n<meta property=\"og:description\" content=\"K\u0131zam\u0131k vir\u00fcs\u00fc bir hastal\u0131kt\u0131r. so\u011fuk alg\u0131nl\u0131\u011f\u0131na, y\u00fcksek ate\u015fe ve lekelere neden olur. Bunun nedeni bir vir\u00fcs. \u00c7ok bula\u015f\u0131c\u0131d\u0131r. Bazen k\u0131zam\u0131k ciddile\u015febilir.\" \/>\n<meta property=\"og:url\" content=\"https:\/\/twijfeltelefoon.nl\/tr\/tibbi-bir-konu-hakkinda-suphelerim-var\/kizamik\/\" \/>\n<meta property=\"og:site_name\" content=\"De Twijfeltelefoon\" \/>\n<meta property=\"article:modified_time\" content=\"2025-01-23T11:53:52+00:00\" \/>\n<meta property=\"og:image\" content=\"https:\/\/twijfeltelefoon.nl\/wp-content\/uploads\/2022\/03\/twijfeltelefoon-social.png\" \/>\n\t<meta property=\"og:image:width\" content=\"351\" \/>\n\t<meta property=\"og:image:height\" content=\"351\" \/>\n\t<meta property=\"og:image:type\" content=\"image\/png\" \/>\n<meta name=\"twitter:card\" content=\"summary_large_image\" \/>\n<script type=\"application\/ld+json\" class=\"yoast-schema-graph\">{\"@context\":\"https:\\\/\\\/schema.org\",\"@graph\":[{\"@type\":\"WebPage\",\"@id\":\"https:\\\/\\\/twijfeltelefoon.nl\\\/tr\\\/tibbi-bir-konu-hakkinda-suphelerim-var\\\/kizamik\\\/\",\"url\":\"https:\\\/\\\/twijfeltelefoon.nl\\\/tr\\\/tibbi-bir-konu-hakkinda-suphelerim-var\\\/kizamik\\\/\",\"name\":\"K\u0131zam\u0131k | De Twijfeltelefoon\",\"isPartOf\":{\"@id\":\"https:\\\/\\\/twijfeltelefoon.nl\\\/tr\\\/#website\"},\"primaryImageOfPage\":{\"@id\":\"https:\\\/\\\/twijfeltelefoon.nl\\\/tr\\\/tibbi-bir-konu-hakkinda-suphelerim-var\\\/kizamik\\\/#primaryimage\"},\"image\":{\"@id\":\"https:\\\/\\\/twijfeltelefoon.nl\\\/tr\\\/tibbi-bir-konu-hakkinda-suphelerim-var\\\/kizamik\\\/#primaryimage\"},\"thumbnailUrl\":\"https:\\\/\\\/twijfeltelefoon.nl\\\/wp-content\\\/uploads\\\/2024\\\/06\\\/mazelen.svg\",\"datePublished\":\"2024-06-24T10:25:07+00:00\",\"dateModified\":\"2025-01-23T11:53:52+00:00\",\"description\":\"K\u0131zam\u0131k vir\u00fcs\u00fc bir hastal\u0131kt\u0131r. so\u011fuk alg\u0131nl\u0131\u011f\u0131na, y\u00fcksek ate\u015fe ve lekelere neden olur. Bunun nedeni bir vir\u00fcs. \u00c7ok bula\u015f\u0131c\u0131d\u0131r. Bazen k\u0131zam\u0131k ciddile\u015febilir.\",\"breadcrumb\":{\"@id\":\"https:\\\/\\\/twijfeltelefoon.nl\\\/tr\\\/tibbi-bir-konu-hakkinda-suphelerim-var\\\/kizamik\\\/#breadcrumb\"},\"inLanguage\":\"tr\",\"potentialAction\":[{\"@type\":\"ReadAction\",\"target\":[\"https:\\\/\\\/twijfeltelefoon.nl\\\/tr\\\/tibbi-bir-konu-hakkinda-suphelerim-var\\\/kizamik\\\/\"]}]},{\"@type\":\"ImageObject\",\"inLanguage\":\"tr\",\"@id\":\"https:\\\/\\\/twijfeltelefoon.nl\\\/tr\\\/tibbi-bir-konu-hakkinda-suphelerim-var\\\/kizamik\\\/#primaryimage\",\"url\":\"https:\\\/\\\/twijfeltelefoon.nl\\\/wp-content\\\/uploads\\\/2024\\\/06\\\/mazelen.svg\",\"contentUrl\":\"https:\\\/\\\/twijfeltelefoon.nl\\\/wp-content\\\/uploads\\\/2024\\\/06\\\/mazelen.svg\",\"caption\":\"mazelen\"},{\"@type\":\"BreadcrumbList\",\"@id\":\"https:\\\/\\\/twijfeltelefoon.nl\\\/tr\\\/tibbi-bir-konu-hakkinda-suphelerim-var\\\/kizamik\\\/#breadcrumb\",\"itemListElement\":[{\"@type\":\"ListItem\",\"position\":1,\"name\":\"Home\",\"item\":\"https:\\\/\\\/twijfeltelefoon.nl\\\/tr\\\/\"},{\"@type\":\"ListItem\",\"position\":2,\"name\":\"T\u0131bbi bir konu hakk\u0131nda \u015f\u00fcphelerim var\",\"item\":\"https:\\\/\\\/twijfeltelefoon.nl\\\/tr\\\/tibbi-bir-konu-hakkinda-suphelerim-var\\\/\"},{\"@type\":\"ListItem\",\"position\":3,\"name\":\"K\u0131zam\u0131k\"}]},{\"@type\":\"WebSite\",\"@id\":\"https:\\\/\\\/twijfeltelefoon.nl\\\/tr\\\/#website\",\"url\":\"https:\\\/\\\/twijfeltelefoon.nl\\\/tr\\\/\",\"name\":\"De Twijfeltelefoon\",\"description\":\"\",\"publisher\":{\"@id\":\"https:\\\/\\\/twijfeltelefoon.nl\\\/tr\\\/#organization\"},\"potentialAction\":[{\"@type\":\"SearchAction\",\"target\":{\"@type\":\"EntryPoint\",\"urlTemplate\":\"https:\\\/\\\/twijfeltelefoon.nl\\\/tr\\\/?s={search_term_string}\"},\"query-input\":{\"@type\":\"PropertyValueSpecification\",\"valueRequired\":true,\"valueName\":\"search_term_string\"}}],\"inLanguage\":\"tr\"},{\"@type\":\"Organization\",\"@id\":\"https:\\\/\\\/twijfeltelefoon.nl\\\/tr\\\/#organization\",\"name\":\"Twijfeltelefoon\",\"url\":\"https:\\\/\\\/twijfeltelefoon.nl\\\/tr\\\/\",\"logo\":{\"@type\":\"ImageObject\",\"inLanguage\":\"tr\",\"@id\":\"https:\\\/\\\/twijfeltelefoon.nl\\\/tr\\\/#\\\/schema\\\/logo\\\/image\\\/\",\"url\":\"https:\\\/\\\/twijfeltelefoon.nl\\\/wp-content\\\/uploads\\\/2022\\\/03\\\/twijfeltelefoon-social@2x.png\",\"contentUrl\":\"https:\\\/\\\/twijfeltelefoon.nl\\\/wp-content\\\/uploads\\\/2022\\\/03\\\/twijfeltelefoon-social@2x.png\",\"width\":701,\"height\":701,\"caption\":\"Twijfeltelefoon\"},\"image\":{\"@id\":\"https:\\\/\\\/twijfeltelefoon.nl\\\/tr\\\/#\\\/schema\\\/logo\\\/image\\\/\"}}]}<\/script>\n<!-- \/ Yoast SEO plugin. -->","yoast_head_json":{"title":"K\u0131zam\u0131k | De Twijfeltelefoon","description":"K\u0131zam\u0131k vir\u00fcs\u00fc bir hastal\u0131kt\u0131r. so\u011fuk alg\u0131nl\u0131\u011f\u0131na, y\u00fcksek ate\u015fe ve lekelere neden olur. Bunun nedeni bir vir\u00fcs. \u00c7ok bula\u015f\u0131c\u0131d\u0131r. Bazen k\u0131zam\u0131k ciddile\u015febilir.","robots":{"index":"index","follow":"follow","max-snippet":"max-snippet:-1","max-image-preview":"max-image-preview:large","max-video-preview":"max-video-preview:-1"},"canonical":"https:\/\/twijfeltelefoon.nl\/tr\/tibbi-bir-konu-hakkinda-suphelerim-var\/kizamik\/","og_locale":"tr_TR","og_type":"article","og_title":"K\u0131zam\u0131k | De Twijfeltelefoon","og_description":"K\u0131zam\u0131k vir\u00fcs\u00fc bir hastal\u0131kt\u0131r. so\u011fuk alg\u0131nl\u0131\u011f\u0131na, y\u00fcksek ate\u015fe ve lekelere neden olur. Bunun nedeni bir vir\u00fcs. \u00c7ok bula\u015f\u0131c\u0131d\u0131r. Bazen k\u0131zam\u0131k ciddile\u015febilir.","og_url":"https:\/\/twijfeltelefoon.nl\/tr\/tibbi-bir-konu-hakkinda-suphelerim-var\/kizamik\/","og_site_name":"De Twijfeltelefoon","article_modified_time":"2025-01-23T11:53:52+00:00","og_image":[{"width":351,"height":351,"url":"https:\/\/twijfeltelefoon.nl\/wp-content\/uploads\/2022\/03\/twijfeltelefoon-social.png","type":"image\/png"}],"twitter_card":"summary_large_image","schema":{"@context":"https:\/\/schema.org","@graph":[{"@type":"WebPage","@id":"https:\/\/twijfeltelefoon.nl\/tr\/tibbi-bir-konu-hakkinda-suphelerim-var\/kizamik\/","url":"https:\/\/twijfeltelefoon.nl\/tr\/tibbi-bir-konu-hakkinda-suphelerim-var\/kizamik\/","name":"K\u0131zam\u0131k | De Twijfeltelefoon","isPartOf":{"@id":"https:\/\/twijfeltelefoon.nl\/tr\/#website"},"primaryImageOfPage":{"@id":"https:\/\/twijfeltelefoon.nl\/tr\/tibbi-bir-konu-hakkinda-suphelerim-var\/kizamik\/#primaryimage"},"image":{"@id":"https:\/\/twijfeltelefoon.nl\/tr\/tibbi-bir-konu-hakkinda-suphelerim-var\/kizamik\/#primaryimage"},"thumbnailUrl":"https:\/\/twijfeltelefoon.nl\/wp-content\/uploads\/2024\/06\/mazelen.svg","datePublished":"2024-06-24T10:25:07+00:00","dateModified":"2025-01-23T11:53:52+00:00","description":"K\u0131zam\u0131k vir\u00fcs\u00fc bir hastal\u0131kt\u0131r. so\u011fuk alg\u0131nl\u0131\u011f\u0131na, y\u00fcksek ate\u015fe ve lekelere neden olur. Bunun nedeni bir vir\u00fcs. \u00c7ok bula\u015f\u0131c\u0131d\u0131r. Bazen k\u0131zam\u0131k ciddile\u015febilir.","breadcrumb":{"@id":"https:\/\/twijfeltelefoon.nl\/tr\/tibbi-bir-konu-hakkinda-suphelerim-var\/kizamik\/#breadcrumb"},"inLanguage":"tr","potentialAction":[{"@type":"ReadAction","target":["https:\/\/twijfeltelefoon.nl\/tr\/tibbi-bir-konu-hakkinda-suphelerim-var\/kizamik\/"]}]},{"@type":"ImageObject","inLanguage":"tr","@id":"https:\/\/twijfeltelefoon.nl\/tr\/tibbi-bir-konu-hakkinda-suphelerim-var\/kizamik\/#primaryimage","url":"https:\/\/twijfeltelefoon.nl\/wp-content\/uploads\/2024\/06\/mazelen.svg","contentUrl":"https:\/\/twijfeltelefoon.nl\/wp-content\/uploads\/2024\/06\/mazelen.svg","caption":"mazelen"},{"@type":"BreadcrumbList","@id":"https:\/\/twijfeltelefoon.nl\/tr\/tibbi-bir-konu-hakkinda-suphelerim-var\/kizamik\/#breadcrumb","itemListElement":[{"@type":"ListItem","position":1,"name":"Home","item":"https:\/\/twijfeltelefoon.nl\/tr\/"},{"@type":"ListItem","position":2,"name":"T\u0131bbi bir konu hakk\u0131nda \u015f\u00fcphelerim var","item":"https:\/\/twijfeltelefoon.nl\/tr\/tibbi-bir-konu-hakkinda-suphelerim-var\/"},{"@type":"ListItem","position":3,"name":"K\u0131zam\u0131k"}]},{"@type":"WebSite","@id":"https:\/\/twijfeltelefoon.nl\/tr\/#website","url":"https:\/\/twijfeltelefoon.nl\/tr\/","name":"De Twijfeltelefoon","description":"","publisher":{"@id":"https:\/\/twijfeltelefoon.nl\/tr\/#organization"},"potentialAction":[{"@type":"SearchAction","target":{"@type":"EntryPoint","urlTemplate":"https:\/\/twijfeltelefoon.nl\/tr\/?s={search_term_string}"},"query-input":{"@type":"PropertyValueSpecification","valueRequired":true,"valueName":"search_term_string"}}],"inLanguage":"tr"},{"@type":"Organization","@id":"https:\/\/twijfeltelefoon.nl\/tr\/#organization","name":"Twijfeltelefoon","url":"https:\/\/twijfeltelefoon.nl\/tr\/","logo":{"@type":"ImageObject","inLanguage":"tr","@id":"https:\/\/twijfeltelefoon.nl\/tr\/#\/schema\/logo\/image\/","url":"https:\/\/twijfeltelefoon.nl\/wp-content\/uploads\/2022\/03\/twijfeltelefoon-social@2x.png","contentUrl":"https:\/\/twijfeltelefoon.nl\/wp-content\/uploads\/2022\/03\/twijfeltelefoon-social@2x.png","width":701,"height":701,"caption":"Twijfeltelefoon"},"image":{"@id":"https:\/\/twijfeltelefoon.nl\/tr\/#\/schema\/logo\/image\/"}}]}},"_links":{"self":[{"href":"https:\/\/twijfeltelefoon.nl\/tr\/wp-json\/wp\/v2\/pages\/2720","targetHints":{"allow":["GET"]}}],"collection":[{"href":"https:\/\/twijfeltelefoon.nl\/tr\/wp-json\/wp\/v2\/pages"}],"about":[{"href":"https:\/\/twijfeltelefoon.nl\/tr\/wp-json\/wp\/v2\/types\/page"}],"author":[{"embeddable":true,"href":"https:\/\/twijfeltelefoon.nl\/tr\/wp-json\/wp\/v2\/users\/1"}],"replies":[{"embeddable":true,"href":"https:\/\/twijfeltelefoon.nl\/tr\/wp-json\/wp\/v2\/comments?post=2720"}],"version-history":[{"count":11,"href":"https:\/\/twijfeltelefoon.nl\/tr\/wp-json\/wp\/v2\/pages\/2720\/revisions"}],"predecessor-version":[{"id":2996,"href":"https:\/\/twijfeltelefoon.nl\/tr\/wp-json\/wp\/v2\/pages\/2720\/revisions\/2996"}],"up":[{"embeddable":true,"href":"https:\/\/twijfeltelefoon.nl\/tr\/wp-json\/wp\/v2\/pages\/2544"}],"wp:featuredmedia":[{"embeddable":true,"href":"https:\/\/twijfeltelefoon.nl\/tr\/wp-json\/wp\/v2\/media\/2331"}],"wp:attachment":[{"href":"https:\/\/twijfeltelefoon.nl\/tr\/wp-json\/wp\/v2\/media?parent=2720"}],"curies":[{"name":"wp","href":"https:\/\/api.w.org\/{rel}","templated":true}]}}