{"id":2957,"date":"2025-01-22T16:47:09","date_gmt":"2025-01-22T15:47:09","guid":{"rendered":"https:\/\/twijfeltelefoon.nl\/tibbi-bir-konu-hakkinda-suphelerim-var\/ulusal-asilama-programi-rijksvaccinatieprogramma-gencler\/"},"modified":"2025-06-10T23:40:31","modified_gmt":"2025-06-10T21:40:31","slug":"ulusal-asilama-programi-rijksvaccinatieprogramma-gencler","status":"publish","type":"page","link":"https:\/\/twijfeltelefoon.nl\/tr\/tibbi-bir-konu-hakkinda-suphelerim-var\/ulusal-asilama-programi-rijksvaccinatieprogramma-gencler\/","title":{"rendered":"Ulusal A\u015f\u0131lama Program\u0131 (Rijksvaccinatieprogramma) &#8211; Gen\u00e7ler"},"content":{"rendered":"\n<h2 class=\"wp-block-heading\">Gen\u00e7lerinizi a\u015f\u0131latma konusunda karars\u0131z m\u0131s\u0131n\u0131z?<\/h2>\n\n<p>Ulusal A\u015f\u0131lama Program\u0131 (RVP), \u00e7ocuklar\u0131 13 ciddi bula\u015f\u0131c\u0131 hastal\u0131\u011fa kar\u015f\u0131 korur. Hollanda&#8217;da 18 ya\u015f\u0131na kadar t\u00fcm \u00e7ocuklar bu a\u015f\u0131lar\u0131 \u00fccretsiz alabilir. Bu sayede, ge\u00e7mi\u015fte bir\u00e7ok \u00e7ocu\u011fun hayat\u0131n\u0131 kaybetmesine neden olan ciddi bula\u015f\u0131c\u0131 hastal\u0131klar art\u0131k \u00f6nlenebilmektedir. Bu uygulama 65 y\u0131l\u0131 a\u015fk\u0131n s\u00fcredir devam etmektedir. A\u015fa\u011f\u0131da, 10-14 ya\u015f aras\u0131ndaki \u00e7ocuklara y\u00f6nelik hastal\u0131klar ve bu hastal\u0131klara kar\u015f\u0131 neden a\u015f\u0131 yapt\u0131rman\u0131z gerekti\u011fi hakk\u0131nda bilgi bulabilirsiniz.<\/p>\n\n<div style=\"height:38px\" aria-hidden=\"true\" class=\"wp-block-spacer\"><\/div>\n\n<h2 class=\"wp-block-heading\">Hangi ya\u015fta hangi a\u015f\u0131 yap\u0131l\u0131r?<\/h2>\n\n<ul class=\"wp-block-list\">\n<li><strong>10 ya\u015f<\/strong>: HPV (2 a\u015f\u0131, ikinci a\u015f\u0131 alt\u0131 ay sonra)<\/li>\n\n\n\n<li><strong>14 ya\u015f<\/strong>: MenACWY (Menenjit a\u015f\u0131s\u0131)<\/li>\n<\/ul>\n\n<p><\/p>\n","protected":false},"excerpt":{"rendered":"<p>Ulusal A\u015f\u0131lama Program\u0131 (Rijksvaccinatieprogramma) ile ilgili en s\u0131k sorulan sorular\u0131n yan\u0131tlar\u0131, bir \u00fcniversite t\u0131p merkezi \u00e7al\u0131\u015fan\u0131 olan t\u0131p uzmanlar\u0131 taraf\u0131ndan \u00f6zenle haz\u0131rlanm\u0131\u015ft\u0131r. Bilimsel ara\u015ft\u0131rmalar yeni bulgular ortaya koyarsa, her bir soru i\u00e7in verilen tavsiyeler buna g\u00f6re g\u00fcncellenmektedir.<\/p>\n","protected":false},"author":1,"featured_media":2868,"parent":2544,"menu_order":0,"comment_status":"closed","ping_status":"closed","template":"","meta":{"_acf_changed":false,"inline_featured_image":false,"footnotes":""},"class_list":["post-2957","page","type-page","status-publish","has-post-thumbnail","hentry"],"acf":[],"yoast_head":"<!-- This site is optimized with the Yoast SEO plugin v27.4 - https:\/\/yoast.com\/product\/yoast-seo-wordpress\/ -->\n<title>Ulusal A\u015f\u0131lama Program\u0131 (Rijksvaccinatieprogramma) - Gen\u00e7ler | De Twijfeltelefoon<\/title>\n<meta name=\"description\" content=\"Gen\u00e7lerinizi a\u015f\u0131latma konusunda karars\u0131z m\u0131s\u0131n\u0131z? Twijfeltelefoon web sitesindeki s\u0131k\u00e7a sorulan sorularda, ergenler i\u00e7in Ulusal A\u015f\u0131lama Program\u0131 hakk\u0131nda yan\u0131tlar bulabilirsiniz.\" \/>\n<meta name=\"robots\" content=\"index, follow, max-snippet:-1, max-image-preview:large, max-video-preview:-1\" \/>\n<link rel=\"canonical\" href=\"https:\/\/twijfeltelefoon.nl\/tr\/tibbi-bir-konu-hakkinda-suphelerim-var\/ulusal-asilama-programi-rijksvaccinatieprogramma-gencler\/\" \/>\n<meta property=\"og:locale\" content=\"tr_TR\" \/>\n<meta property=\"og:type\" content=\"article\" \/>\n<meta property=\"og:title\" content=\"Ulusal A\u015f\u0131lama Program\u0131 (Rijksvaccinatieprogramma) - Gen\u00e7ler | De Twijfeltelefoon\" \/>\n<meta property=\"og:description\" content=\"Gen\u00e7lerinizi a\u015f\u0131latma konusunda karars\u0131z m\u0131s\u0131n\u0131z? Twijfeltelefoon web sitesindeki s\u0131k\u00e7a sorulan sorularda, ergenler i\u00e7in Ulusal A\u015f\u0131lama Program\u0131 hakk\u0131nda yan\u0131tlar bulabilirsiniz.\" \/>\n<meta property=\"og:url\" content=\"https:\/\/twijfeltelefoon.nl\/tr\/tibbi-bir-konu-hakkinda-suphelerim-var\/ulusal-asilama-programi-rijksvaccinatieprogramma-gencler\/\" \/>\n<meta property=\"og:site_name\" content=\"De Twijfeltelefoon\" \/>\n<meta property=\"article:modified_time\" content=\"2025-06-10T21:40:31+00:00\" \/>\n<meta property=\"og:image\" content=\"https:\/\/twijfeltelefoon.nl\/wp-content\/uploads\/2022\/03\/twijfeltelefoon-social.png\" \/>\n\t<meta property=\"og:image:width\" content=\"351\" \/>\n\t<meta property=\"og:image:height\" content=\"351\" \/>\n\t<meta property=\"og:image:type\" content=\"image\/png\" \/>\n<meta name=\"twitter:card\" content=\"summary_large_image\" \/>\n<meta name=\"twitter:label1\" content=\"Tahmini okuma s\u00fcresi\" \/>\n\t<meta name=\"twitter:data1\" content=\"1 dakika\" \/>\n<script type=\"application\/ld+json\" class=\"yoast-schema-graph\">{\"@context\":\"https:\\\/\\\/schema.org\",\"@graph\":[{\"@type\":\"WebPage\",\"@id\":\"https:\\\/\\\/twijfeltelefoon.nl\\\/tr\\\/tibbi-bir-konu-hakkinda-suphelerim-var\\\/ulusal-asilama-programi-rijksvaccinatieprogramma-gencler\\\/\",\"url\":\"https:\\\/\\\/twijfeltelefoon.nl\\\/tr\\\/tibbi-bir-konu-hakkinda-suphelerim-var\\\/ulusal-asilama-programi-rijksvaccinatieprogramma-gencler\\\/\",\"name\":\"Ulusal A\u015f\u0131lama Program\u0131 (Rijksvaccinatieprogramma) - Gen\u00e7ler | De Twijfeltelefoon\",\"isPartOf\":{\"@id\":\"https:\\\/\\\/twijfeltelefoon.nl\\\/tr\\\/#website\"},\"primaryImageOfPage\":{\"@id\":\"https:\\\/\\\/twijfeltelefoon.nl\\\/tr\\\/tibbi-bir-konu-hakkinda-suphelerim-var\\\/ulusal-asilama-programi-rijksvaccinatieprogramma-gencler\\\/#primaryimage\"},\"image\":{\"@id\":\"https:\\\/\\\/twijfeltelefoon.nl\\\/tr\\\/tibbi-bir-konu-hakkinda-suphelerim-var\\\/ulusal-asilama-programi-rijksvaccinatieprogramma-gencler\\\/#primaryimage\"},\"thumbnailUrl\":\"https:\\\/\\\/twijfeltelefoon.nl\\\/wp-content\\\/uploads\\\/2024\\\/09\\\/Twijfeltelefoon-Rijksvaccinatieprogramma-tiener-2.svg\",\"datePublished\":\"2025-01-22T15:47:09+00:00\",\"dateModified\":\"2025-06-10T21:40:31+00:00\",\"description\":\"Gen\u00e7lerinizi a\u015f\u0131latma konusunda karars\u0131z m\u0131s\u0131n\u0131z? Twijfeltelefoon web sitesindeki s\u0131k\u00e7a sorulan sorularda, ergenler i\u00e7in Ulusal A\u015f\u0131lama Program\u0131 hakk\u0131nda yan\u0131tlar bulabilirsiniz.\",\"breadcrumb\":{\"@id\":\"https:\\\/\\\/twijfeltelefoon.nl\\\/tr\\\/tibbi-bir-konu-hakkinda-suphelerim-var\\\/ulusal-asilama-programi-rijksvaccinatieprogramma-gencler\\\/#breadcrumb\"},\"inLanguage\":\"tr\",\"potentialAction\":[{\"@type\":\"ReadAction\",\"target\":[\"https:\\\/\\\/twijfeltelefoon.nl\\\/tr\\\/tibbi-bir-konu-hakkinda-suphelerim-var\\\/ulusal-asilama-programi-rijksvaccinatieprogramma-gencler\\\/\"]}]},{\"@type\":\"ImageObject\",\"inLanguage\":\"tr\",\"@id\":\"https:\\\/\\\/twijfeltelefoon.nl\\\/tr\\\/tibbi-bir-konu-hakkinda-suphelerim-var\\\/ulusal-asilama-programi-rijksvaccinatieprogramma-gencler\\\/#primaryimage\",\"url\":\"https:\\\/\\\/twijfeltelefoon.nl\\\/wp-content\\\/uploads\\\/2024\\\/09\\\/Twijfeltelefoon-Rijksvaccinatieprogramma-tiener-2.svg\",\"contentUrl\":\"https:\\\/\\\/twijfeltelefoon.nl\\\/wp-content\\\/uploads\\\/2024\\\/09\\\/Twijfeltelefoon-Rijksvaccinatieprogramma-tiener-2.svg\",\"caption\":\"Rijksvaccinatieprogramma tiener ikoon\"},{\"@type\":\"BreadcrumbList\",\"@id\":\"https:\\\/\\\/twijfeltelefoon.nl\\\/tr\\\/tibbi-bir-konu-hakkinda-suphelerim-var\\\/ulusal-asilama-programi-rijksvaccinatieprogramma-gencler\\\/#breadcrumb\",\"itemListElement\":[{\"@type\":\"ListItem\",\"position\":1,\"name\":\"Home\",\"item\":\"https:\\\/\\\/twijfeltelefoon.nl\\\/tr\\\/\"},{\"@type\":\"ListItem\",\"position\":2,\"name\":\"T\u0131bbi bir konu hakk\u0131nda \u015f\u00fcphelerim var\",\"item\":\"https:\\\/\\\/twijfeltelefoon.nl\\\/tr\\\/tibbi-bir-konu-hakkinda-suphelerim-var\\\/\"},{\"@type\":\"ListItem\",\"position\":3,\"name\":\"Ulusal A\u015f\u0131lama Program\u0131 (Rijksvaccinatieprogramma) &#8211; Gen\u00e7ler\"}]},{\"@type\":\"WebSite\",\"@id\":\"https:\\\/\\\/twijfeltelefoon.nl\\\/tr\\\/#website\",\"url\":\"https:\\\/\\\/twijfeltelefoon.nl\\\/tr\\\/\",\"name\":\"De Twijfeltelefoon\",\"description\":\"\",\"publisher\":{\"@id\":\"https:\\\/\\\/twijfeltelefoon.nl\\\/tr\\\/#organization\"},\"potentialAction\":[{\"@type\":\"SearchAction\",\"target\":{\"@type\":\"EntryPoint\",\"urlTemplate\":\"https:\\\/\\\/twijfeltelefoon.nl\\\/tr\\\/?s={search_term_string}\"},\"query-input\":{\"@type\":\"PropertyValueSpecification\",\"valueRequired\":true,\"valueName\":\"search_term_string\"}}],\"inLanguage\":\"tr\"},{\"@type\":\"Organization\",\"@id\":\"https:\\\/\\\/twijfeltelefoon.nl\\\/tr\\\/#organization\",\"name\":\"Twijfeltelefoon\",\"url\":\"https:\\\/\\\/twijfeltelefoon.nl\\\/tr\\\/\",\"logo\":{\"@type\":\"ImageObject\",\"inLanguage\":\"tr\",\"@id\":\"https:\\\/\\\/twijfeltelefoon.nl\\\/tr\\\/#\\\/schema\\\/logo\\\/image\\\/\",\"url\":\"https:\\\/\\\/twijfeltelefoon.nl\\\/wp-content\\\/uploads\\\/2022\\\/03\\\/twijfeltelefoon-social@2x.png\",\"contentUrl\":\"https:\\\/\\\/twijfeltelefoon.nl\\\/wp-content\\\/uploads\\\/2022\\\/03\\\/twijfeltelefoon-social@2x.png\",\"width\":701,\"height\":701,\"caption\":\"Twijfeltelefoon\"},\"image\":{\"@id\":\"https:\\\/\\\/twijfeltelefoon.nl\\\/tr\\\/#\\\/schema\\\/logo\\\/image\\\/\"}}]}<\/script>\n<!-- \/ Yoast SEO plugin. -->","yoast_head_json":{"title":"Ulusal A\u015f\u0131lama Program\u0131 (Rijksvaccinatieprogramma) - Gen\u00e7ler | De Twijfeltelefoon","description":"Gen\u00e7lerinizi a\u015f\u0131latma konusunda karars\u0131z m\u0131s\u0131n\u0131z? Twijfeltelefoon web sitesindeki s\u0131k\u00e7a sorulan sorularda, ergenler i\u00e7in Ulusal A\u015f\u0131lama Program\u0131 hakk\u0131nda yan\u0131tlar bulabilirsiniz.","robots":{"index":"index","follow":"follow","max-snippet":"max-snippet:-1","max-image-preview":"max-image-preview:large","max-video-preview":"max-video-preview:-1"},"canonical":"https:\/\/twijfeltelefoon.nl\/tr\/tibbi-bir-konu-hakkinda-suphelerim-var\/ulusal-asilama-programi-rijksvaccinatieprogramma-gencler\/","og_locale":"tr_TR","og_type":"article","og_title":"Ulusal A\u015f\u0131lama Program\u0131 (Rijksvaccinatieprogramma) - Gen\u00e7ler | De Twijfeltelefoon","og_description":"Gen\u00e7lerinizi a\u015f\u0131latma konusunda karars\u0131z m\u0131s\u0131n\u0131z? Twijfeltelefoon web sitesindeki s\u0131k\u00e7a sorulan sorularda, ergenler i\u00e7in Ulusal A\u015f\u0131lama Program\u0131 hakk\u0131nda yan\u0131tlar bulabilirsiniz.","og_url":"https:\/\/twijfeltelefoon.nl\/tr\/tibbi-bir-konu-hakkinda-suphelerim-var\/ulusal-asilama-programi-rijksvaccinatieprogramma-gencler\/","og_site_name":"De Twijfeltelefoon","article_modified_time":"2025-06-10T21:40:31+00:00","og_image":[{"width":351,"height":351,"url":"https:\/\/twijfeltelefoon.nl\/wp-content\/uploads\/2022\/03\/twijfeltelefoon-social.png","type":"image\/png"}],"twitter_card":"summary_large_image","twitter_misc":{"Tahmini okuma s\u00fcresi":"1 dakika"},"schema":{"@context":"https:\/\/schema.org","@graph":[{"@type":"WebPage","@id":"https:\/\/twijfeltelefoon.nl\/tr\/tibbi-bir-konu-hakkinda-suphelerim-var\/ulusal-asilama-programi-rijksvaccinatieprogramma-gencler\/","url":"https:\/\/twijfeltelefoon.nl\/tr\/tibbi-bir-konu-hakkinda-suphelerim-var\/ulusal-asilama-programi-rijksvaccinatieprogramma-gencler\/","name":"Ulusal A\u015f\u0131lama Program\u0131 (Rijksvaccinatieprogramma) - Gen\u00e7ler | De Twijfeltelefoon","isPartOf":{"@id":"https:\/\/twijfeltelefoon.nl\/tr\/#website"},"primaryImageOfPage":{"@id":"https:\/\/twijfeltelefoon.nl\/tr\/tibbi-bir-konu-hakkinda-suphelerim-var\/ulusal-asilama-programi-rijksvaccinatieprogramma-gencler\/#primaryimage"},"image":{"@id":"https:\/\/twijfeltelefoon.nl\/tr\/tibbi-bir-konu-hakkinda-suphelerim-var\/ulusal-asilama-programi-rijksvaccinatieprogramma-gencler\/#primaryimage"},"thumbnailUrl":"https:\/\/twijfeltelefoon.nl\/wp-content\/uploads\/2024\/09\/Twijfeltelefoon-Rijksvaccinatieprogramma-tiener-2.svg","datePublished":"2025-01-22T15:47:09+00:00","dateModified":"2025-06-10T21:40:31+00:00","description":"Gen\u00e7lerinizi a\u015f\u0131latma konusunda karars\u0131z m\u0131s\u0131n\u0131z? Twijfeltelefoon web sitesindeki s\u0131k\u00e7a sorulan sorularda, ergenler i\u00e7in Ulusal A\u015f\u0131lama Program\u0131 hakk\u0131nda yan\u0131tlar bulabilirsiniz.","breadcrumb":{"@id":"https:\/\/twijfeltelefoon.nl\/tr\/tibbi-bir-konu-hakkinda-suphelerim-var\/ulusal-asilama-programi-rijksvaccinatieprogramma-gencler\/#breadcrumb"},"inLanguage":"tr","potentialAction":[{"@type":"ReadAction","target":["https:\/\/twijfeltelefoon.nl\/tr\/tibbi-bir-konu-hakkinda-suphelerim-var\/ulusal-asilama-programi-rijksvaccinatieprogramma-gencler\/"]}]},{"@type":"ImageObject","inLanguage":"tr","@id":"https:\/\/twijfeltelefoon.nl\/tr\/tibbi-bir-konu-hakkinda-suphelerim-var\/ulusal-asilama-programi-rijksvaccinatieprogramma-gencler\/#primaryimage","url":"https:\/\/twijfeltelefoon.nl\/wp-content\/uploads\/2024\/09\/Twijfeltelefoon-Rijksvaccinatieprogramma-tiener-2.svg","contentUrl":"https:\/\/twijfeltelefoon.nl\/wp-content\/uploads\/2024\/09\/Twijfeltelefoon-Rijksvaccinatieprogramma-tiener-2.svg","caption":"Rijksvaccinatieprogramma tiener ikoon"},{"@type":"BreadcrumbList","@id":"https:\/\/twijfeltelefoon.nl\/tr\/tibbi-bir-konu-hakkinda-suphelerim-var\/ulusal-asilama-programi-rijksvaccinatieprogramma-gencler\/#breadcrumb","itemListElement":[{"@type":"ListItem","position":1,"name":"Home","item":"https:\/\/twijfeltelefoon.nl\/tr\/"},{"@type":"ListItem","position":2,"name":"T\u0131bbi bir konu hakk\u0131nda \u015f\u00fcphelerim var","item":"https:\/\/twijfeltelefoon.nl\/tr\/tibbi-bir-konu-hakkinda-suphelerim-var\/"},{"@type":"ListItem","position":3,"name":"Ulusal A\u015f\u0131lama Program\u0131 (Rijksvaccinatieprogramma) &#8211; Gen\u00e7ler"}]},{"@type":"WebSite","@id":"https:\/\/twijfeltelefoon.nl\/tr\/#website","url":"https:\/\/twijfeltelefoon.nl\/tr\/","name":"De Twijfeltelefoon","description":"","publisher":{"@id":"https:\/\/twijfeltelefoon.nl\/tr\/#organization"},"potentialAction":[{"@type":"SearchAction","target":{"@type":"EntryPoint","urlTemplate":"https:\/\/twijfeltelefoon.nl\/tr\/?s={search_term_string}"},"query-input":{"@type":"PropertyValueSpecification","valueRequired":true,"valueName":"search_term_string"}}],"inLanguage":"tr"},{"@type":"Organization","@id":"https:\/\/twijfeltelefoon.nl\/tr\/#organization","name":"Twijfeltelefoon","url":"https:\/\/twijfeltelefoon.nl\/tr\/","logo":{"@type":"ImageObject","inLanguage":"tr","@id":"https:\/\/twijfeltelefoon.nl\/tr\/#\/schema\/logo\/image\/","url":"https:\/\/twijfeltelefoon.nl\/wp-content\/uploads\/2022\/03\/twijfeltelefoon-social@2x.png","contentUrl":"https:\/\/twijfeltelefoon.nl\/wp-content\/uploads\/2022\/03\/twijfeltelefoon-social@2x.png","width":701,"height":701,"caption":"Twijfeltelefoon"},"image":{"@id":"https:\/\/twijfeltelefoon.nl\/tr\/#\/schema\/logo\/image\/"}}]}},"_links":{"self":[{"href":"https:\/\/twijfeltelefoon.nl\/tr\/wp-json\/wp\/v2\/pages\/2957","targetHints":{"allow":["GET"]}}],"collection":[{"href":"https:\/\/twijfeltelefoon.nl\/tr\/wp-json\/wp\/v2\/pages"}],"about":[{"href":"https:\/\/twijfeltelefoon.nl\/tr\/wp-json\/wp\/v2\/types\/page"}],"author":[{"embeddable":true,"href":"https:\/\/twijfeltelefoon.nl\/tr\/wp-json\/wp\/v2\/users\/1"}],"replies":[{"embeddable":true,"href":"https:\/\/twijfeltelefoon.nl\/tr\/wp-json\/wp\/v2\/comments?post=2957"}],"version-history":[{"count":6,"href":"https:\/\/twijfeltelefoon.nl\/tr\/wp-json\/wp\/v2\/pages\/2957\/revisions"}],"predecessor-version":[{"id":3075,"href":"https:\/\/twijfeltelefoon.nl\/tr\/wp-json\/wp\/v2\/pages\/2957\/revisions\/3075"}],"up":[{"embeddable":true,"href":"https:\/\/twijfeltelefoon.nl\/tr\/wp-json\/wp\/v2\/pages\/2544"}],"wp:featuredmedia":[{"embeddable":true,"href":"https:\/\/twijfeltelefoon.nl\/tr\/wp-json\/wp\/v2\/media\/2868"}],"wp:attachment":[{"href":"https:\/\/twijfeltelefoon.nl\/tr\/wp-json\/wp\/v2\/media?parent=2957"}],"curies":[{"name":"wp","href":"https:\/\/api.w.org\/{rel}","templated":true}]}}