{"id":2963,"date":"2025-01-23T09:13:56","date_gmt":"2025-01-23T08:13:56","guid":{"rendered":"https:\/\/twijfeltelefoon.nl\/tibbi-bir-konu-hakkinda-suphelerim-var\/ulusal-asilama-programi-rijksvaccinatieprogramma-cocuklar\/"},"modified":"2025-06-10T23:25:16","modified_gmt":"2025-06-10T21:25:16","slug":"ulusal-asilama-programi-rijksvaccinatieprogramma-cocuklar","status":"publish","type":"page","link":"https:\/\/twijfeltelefoon.nl\/tr\/tibbi-bir-konu-hakkinda-suphelerim-var\/ulusal-asilama-programi-rijksvaccinatieprogramma-cocuklar\/","title":{"rendered":"Ulusal A\u015f\u0131lama Program\u0131 (Rijksvaccinatieprogramma) &#8211; \u00c7ocuklar"},"content":{"rendered":"\n<h2 class=\"wp-block-heading\">\u00c7ocu\u011funuzun a\u015f\u0131lanmas\u0131 konusunda karars\u0131z m\u0131s\u0131n\u0131z?<\/h2>\n\n<p>Ulusal A\u015f\u0131lama Program\u0131 (RVP), \u00e7ocuklar\u0131 13 ciddi enfeksiyon hastal\u0131\u011f\u0131na kar\u015f\u0131 korur. Hollanda\u2019da 18 ya\u015f\u0131na kadar t\u00fcm \u00e7ocuklar bu a\u015f\u0131lar\u0131 \u00fccretsiz olarak alabilir. Bu program sayesinde, eskiden bir\u00e7ok \u00e7ocu\u011fun hayat\u0131n\u0131 kaybetmesine neden olan ciddi enfeksiyon hastal\u0131klar\u0131 \u00f6nlenebilir. Bu uygulama 65 y\u0131l\u0131 a\u015fk\u0131n s\u00fcredir devam ediyor. A\u015fa\u011f\u0131da, 3 ile 9 ya\u015f aras\u0131ndaki \u00e7ocuklara y\u00f6nelik hastal\u0131klar ve bu hastal\u0131klara kar\u015f\u0131 a\u015f\u0131lama neden \u00f6nemli oldu\u011fu hakk\u0131nda bilgi bulabilirsiniz.<\/p>\n\n<div style=\"height:38px\" aria-hidden=\"true\" class=\"wp-block-spacer\"><\/div>\n\n<h2 class=\"wp-block-heading\">Hangi ya\u015fta hangi a\u015f\u0131 yap\u0131l\u0131r?<\/h2>\n\n<ul class=\"wp-block-list\">\n<li><strong>3 ya\u015f<\/strong>: BMR<\/li>\n\n\n\n<li><strong>5 ya\u015f<\/strong>: DKT<\/li>\n<\/ul>\n\n<p><\/p>\n","protected":false},"excerpt":{"rendered":"<p>Ulusal A\u015f\u0131lama Program\u0131 (Rijksvaccinatieprogramma) ile ilgili en s\u0131k sorulan sorular\u0131n yan\u0131tlar\u0131, bir \u00fcniversite t\u0131p merkezi \u00e7al\u0131\u015fan\u0131 olan t\u0131p uzmanlar\u0131 taraf\u0131ndan \u00f6zenle haz\u0131rlanm\u0131\u015ft\u0131r. Bilimsel ara\u015ft\u0131rmalar yeni bulgular ortaya koyarsa, her bir soru i\u00e7in verilen tavsiyeler buna g\u00f6re g\u00fcncellenmektedir.<\/p>\n","protected":false},"author":1,"featured_media":2865,"parent":2544,"menu_order":0,"comment_status":"closed","ping_status":"closed","template":"","meta":{"_acf_changed":false,"inline_featured_image":false,"footnotes":""},"class_list":["post-2963","page","type-page","status-publish","has-post-thumbnail","hentry"],"acf":[],"yoast_head":"<!-- This site is optimized with the Yoast SEO plugin v27.4 - https:\/\/yoast.com\/product\/yoast-seo-wordpress\/ -->\n<title>Ulusal A\u015f\u0131lama Program\u0131 (Rijksvaccinatieprogramma) - \u00c7ocuklar | De Twijfeltelefoon<\/title>\n<meta name=\"description\" content=\"\u00c7ocu\u011funuzun a\u015f\u0131lanmas\u0131 konusunda karars\u0131z m\u0131s\u0131n\u0131z? Twijfeltelefoon web sitesindeki s\u0131k\u00e7a sorulan sorularda, \u00e7ocuklar i\u00e7in Ulusal A\u015f\u0131lama Program\u0131 hakk\u0131nda yan\u0131tlar bulabilirsiniz.\" \/>\n<meta name=\"robots\" content=\"index, follow, max-snippet:-1, max-image-preview:large, max-video-preview:-1\" \/>\n<link rel=\"canonical\" href=\"https:\/\/twijfeltelefoon.nl\/tr\/tibbi-bir-konu-hakkinda-suphelerim-var\/ulusal-asilama-programi-rijksvaccinatieprogramma-cocuklar\/\" \/>\n<meta property=\"og:locale\" content=\"tr_TR\" \/>\n<meta property=\"og:type\" content=\"article\" \/>\n<meta property=\"og:title\" content=\"Ulusal A\u015f\u0131lama Program\u0131 (Rijksvaccinatieprogramma) - \u00c7ocuklar | De Twijfeltelefoon\" \/>\n<meta property=\"og:description\" content=\"\u00c7ocu\u011funuzun a\u015f\u0131lanmas\u0131 konusunda karars\u0131z m\u0131s\u0131n\u0131z? Twijfeltelefoon web sitesindeki s\u0131k\u00e7a sorulan sorularda, \u00e7ocuklar i\u00e7in Ulusal A\u015f\u0131lama Program\u0131 hakk\u0131nda yan\u0131tlar bulabilirsiniz.\" \/>\n<meta property=\"og:url\" content=\"https:\/\/twijfeltelefoon.nl\/tr\/tibbi-bir-konu-hakkinda-suphelerim-var\/ulusal-asilama-programi-rijksvaccinatieprogramma-cocuklar\/\" \/>\n<meta property=\"og:site_name\" content=\"De Twijfeltelefoon\" \/>\n<meta property=\"article:modified_time\" content=\"2025-06-10T21:25:16+00:00\" \/>\n<meta property=\"og:image\" content=\"https:\/\/twijfeltelefoon.nl\/wp-content\/uploads\/2022\/03\/twijfeltelefoon-social.png\" \/>\n\t<meta property=\"og:image:width\" content=\"351\" \/>\n\t<meta property=\"og:image:height\" content=\"351\" \/>\n\t<meta property=\"og:image:type\" content=\"image\/png\" \/>\n<meta name=\"twitter:card\" content=\"summary_large_image\" \/>\n<meta name=\"twitter:label1\" content=\"Tahmini okuma s\u00fcresi\" \/>\n\t<meta name=\"twitter:data1\" content=\"1 dakika\" \/>\n<script type=\"application\/ld+json\" class=\"yoast-schema-graph\">{\"@context\":\"https:\\\/\\\/schema.org\",\"@graph\":[{\"@type\":\"WebPage\",\"@id\":\"https:\\\/\\\/twijfeltelefoon.nl\\\/tr\\\/tibbi-bir-konu-hakkinda-suphelerim-var\\\/ulusal-asilama-programi-rijksvaccinatieprogramma-cocuklar\\\/\",\"url\":\"https:\\\/\\\/twijfeltelefoon.nl\\\/tr\\\/tibbi-bir-konu-hakkinda-suphelerim-var\\\/ulusal-asilama-programi-rijksvaccinatieprogramma-cocuklar\\\/\",\"name\":\"Ulusal A\u015f\u0131lama Program\u0131 (Rijksvaccinatieprogramma) - \u00c7ocuklar | De Twijfeltelefoon\",\"isPartOf\":{\"@id\":\"https:\\\/\\\/twijfeltelefoon.nl\\\/tr\\\/#website\"},\"primaryImageOfPage\":{\"@id\":\"https:\\\/\\\/twijfeltelefoon.nl\\\/tr\\\/tibbi-bir-konu-hakkinda-suphelerim-var\\\/ulusal-asilama-programi-rijksvaccinatieprogramma-cocuklar\\\/#primaryimage\"},\"image\":{\"@id\":\"https:\\\/\\\/twijfeltelefoon.nl\\\/tr\\\/tibbi-bir-konu-hakkinda-suphelerim-var\\\/ulusal-asilama-programi-rijksvaccinatieprogramma-cocuklar\\\/#primaryimage\"},\"thumbnailUrl\":\"https:\\\/\\\/twijfeltelefoon.nl\\\/wp-content\\\/uploads\\\/2024\\\/09\\\/Twijfeltelefoon-Rijksvaccinatieprogramma-kind-2.svg\",\"datePublished\":\"2025-01-23T08:13:56+00:00\",\"dateModified\":\"2025-06-10T21:25:16+00:00\",\"description\":\"\u00c7ocu\u011funuzun a\u015f\u0131lanmas\u0131 konusunda karars\u0131z m\u0131s\u0131n\u0131z? Twijfeltelefoon web sitesindeki s\u0131k\u00e7a sorulan sorularda, \u00e7ocuklar i\u00e7in Ulusal A\u015f\u0131lama Program\u0131 hakk\u0131nda yan\u0131tlar bulabilirsiniz.\",\"breadcrumb\":{\"@id\":\"https:\\\/\\\/twijfeltelefoon.nl\\\/tr\\\/tibbi-bir-konu-hakkinda-suphelerim-var\\\/ulusal-asilama-programi-rijksvaccinatieprogramma-cocuklar\\\/#breadcrumb\"},\"inLanguage\":\"tr\",\"potentialAction\":[{\"@type\":\"ReadAction\",\"target\":[\"https:\\\/\\\/twijfeltelefoon.nl\\\/tr\\\/tibbi-bir-konu-hakkinda-suphelerim-var\\\/ulusal-asilama-programi-rijksvaccinatieprogramma-cocuklar\\\/\"]}]},{\"@type\":\"ImageObject\",\"inLanguage\":\"tr\",\"@id\":\"https:\\\/\\\/twijfeltelefoon.nl\\\/tr\\\/tibbi-bir-konu-hakkinda-suphelerim-var\\\/ulusal-asilama-programi-rijksvaccinatieprogramma-cocuklar\\\/#primaryimage\",\"url\":\"https:\\\/\\\/twijfeltelefoon.nl\\\/wp-content\\\/uploads\\\/2024\\\/09\\\/Twijfeltelefoon-Rijksvaccinatieprogramma-kind-2.svg\",\"contentUrl\":\"https:\\\/\\\/twijfeltelefoon.nl\\\/wp-content\\\/uploads\\\/2024\\\/09\\\/Twijfeltelefoon-Rijksvaccinatieprogramma-kind-2.svg\",\"caption\":\"Rijksvaccinatieprogramma kind ikoon\"},{\"@type\":\"BreadcrumbList\",\"@id\":\"https:\\\/\\\/twijfeltelefoon.nl\\\/tr\\\/tibbi-bir-konu-hakkinda-suphelerim-var\\\/ulusal-asilama-programi-rijksvaccinatieprogramma-cocuklar\\\/#breadcrumb\",\"itemListElement\":[{\"@type\":\"ListItem\",\"position\":1,\"name\":\"Home\",\"item\":\"https:\\\/\\\/twijfeltelefoon.nl\\\/tr\\\/\"},{\"@type\":\"ListItem\",\"position\":2,\"name\":\"T\u0131bbi bir konu hakk\u0131nda \u015f\u00fcphelerim var\",\"item\":\"https:\\\/\\\/twijfeltelefoon.nl\\\/tr\\\/tibbi-bir-konu-hakkinda-suphelerim-var\\\/\"},{\"@type\":\"ListItem\",\"position\":3,\"name\":\"Ulusal A\u015f\u0131lama Program\u0131 (Rijksvaccinatieprogramma) &#8211; \u00c7ocuklar\"}]},{\"@type\":\"WebSite\",\"@id\":\"https:\\\/\\\/twijfeltelefoon.nl\\\/tr\\\/#website\",\"url\":\"https:\\\/\\\/twijfeltelefoon.nl\\\/tr\\\/\",\"name\":\"De Twijfeltelefoon\",\"description\":\"\",\"publisher\":{\"@id\":\"https:\\\/\\\/twijfeltelefoon.nl\\\/tr\\\/#organization\"},\"potentialAction\":[{\"@type\":\"SearchAction\",\"target\":{\"@type\":\"EntryPoint\",\"urlTemplate\":\"https:\\\/\\\/twijfeltelefoon.nl\\\/tr\\\/?s={search_term_string}\"},\"query-input\":{\"@type\":\"PropertyValueSpecification\",\"valueRequired\":true,\"valueName\":\"search_term_string\"}}],\"inLanguage\":\"tr\"},{\"@type\":\"Organization\",\"@id\":\"https:\\\/\\\/twijfeltelefoon.nl\\\/tr\\\/#organization\",\"name\":\"Twijfeltelefoon\",\"url\":\"https:\\\/\\\/twijfeltelefoon.nl\\\/tr\\\/\",\"logo\":{\"@type\":\"ImageObject\",\"inLanguage\":\"tr\",\"@id\":\"https:\\\/\\\/twijfeltelefoon.nl\\\/tr\\\/#\\\/schema\\\/logo\\\/image\\\/\",\"url\":\"https:\\\/\\\/twijfeltelefoon.nl\\\/wp-content\\\/uploads\\\/2022\\\/03\\\/twijfeltelefoon-social@2x.png\",\"contentUrl\":\"https:\\\/\\\/twijfeltelefoon.nl\\\/wp-content\\\/uploads\\\/2022\\\/03\\\/twijfeltelefoon-social@2x.png\",\"width\":701,\"height\":701,\"caption\":\"Twijfeltelefoon\"},\"image\":{\"@id\":\"https:\\\/\\\/twijfeltelefoon.nl\\\/tr\\\/#\\\/schema\\\/logo\\\/image\\\/\"}}]}<\/script>\n<!-- \/ Yoast SEO plugin. -->","yoast_head_json":{"title":"Ulusal A\u015f\u0131lama Program\u0131 (Rijksvaccinatieprogramma) - \u00c7ocuklar | De Twijfeltelefoon","description":"\u00c7ocu\u011funuzun a\u015f\u0131lanmas\u0131 konusunda karars\u0131z m\u0131s\u0131n\u0131z? Twijfeltelefoon web sitesindeki s\u0131k\u00e7a sorulan sorularda, \u00e7ocuklar i\u00e7in Ulusal A\u015f\u0131lama Program\u0131 hakk\u0131nda yan\u0131tlar bulabilirsiniz.","robots":{"index":"index","follow":"follow","max-snippet":"max-snippet:-1","max-image-preview":"max-image-preview:large","max-video-preview":"max-video-preview:-1"},"canonical":"https:\/\/twijfeltelefoon.nl\/tr\/tibbi-bir-konu-hakkinda-suphelerim-var\/ulusal-asilama-programi-rijksvaccinatieprogramma-cocuklar\/","og_locale":"tr_TR","og_type":"article","og_title":"Ulusal A\u015f\u0131lama Program\u0131 (Rijksvaccinatieprogramma) - \u00c7ocuklar | De Twijfeltelefoon","og_description":"\u00c7ocu\u011funuzun a\u015f\u0131lanmas\u0131 konusunda karars\u0131z m\u0131s\u0131n\u0131z? Twijfeltelefoon web sitesindeki s\u0131k\u00e7a sorulan sorularda, \u00e7ocuklar i\u00e7in Ulusal A\u015f\u0131lama Program\u0131 hakk\u0131nda yan\u0131tlar bulabilirsiniz.","og_url":"https:\/\/twijfeltelefoon.nl\/tr\/tibbi-bir-konu-hakkinda-suphelerim-var\/ulusal-asilama-programi-rijksvaccinatieprogramma-cocuklar\/","og_site_name":"De Twijfeltelefoon","article_modified_time":"2025-06-10T21:25:16+00:00","og_image":[{"width":351,"height":351,"url":"https:\/\/twijfeltelefoon.nl\/wp-content\/uploads\/2022\/03\/twijfeltelefoon-social.png","type":"image\/png"}],"twitter_card":"summary_large_image","twitter_misc":{"Tahmini okuma s\u00fcresi":"1 dakika"},"schema":{"@context":"https:\/\/schema.org","@graph":[{"@type":"WebPage","@id":"https:\/\/twijfeltelefoon.nl\/tr\/tibbi-bir-konu-hakkinda-suphelerim-var\/ulusal-asilama-programi-rijksvaccinatieprogramma-cocuklar\/","url":"https:\/\/twijfeltelefoon.nl\/tr\/tibbi-bir-konu-hakkinda-suphelerim-var\/ulusal-asilama-programi-rijksvaccinatieprogramma-cocuklar\/","name":"Ulusal A\u015f\u0131lama Program\u0131 (Rijksvaccinatieprogramma) - \u00c7ocuklar | De Twijfeltelefoon","isPartOf":{"@id":"https:\/\/twijfeltelefoon.nl\/tr\/#website"},"primaryImageOfPage":{"@id":"https:\/\/twijfeltelefoon.nl\/tr\/tibbi-bir-konu-hakkinda-suphelerim-var\/ulusal-asilama-programi-rijksvaccinatieprogramma-cocuklar\/#primaryimage"},"image":{"@id":"https:\/\/twijfeltelefoon.nl\/tr\/tibbi-bir-konu-hakkinda-suphelerim-var\/ulusal-asilama-programi-rijksvaccinatieprogramma-cocuklar\/#primaryimage"},"thumbnailUrl":"https:\/\/twijfeltelefoon.nl\/wp-content\/uploads\/2024\/09\/Twijfeltelefoon-Rijksvaccinatieprogramma-kind-2.svg","datePublished":"2025-01-23T08:13:56+00:00","dateModified":"2025-06-10T21:25:16+00:00","description":"\u00c7ocu\u011funuzun a\u015f\u0131lanmas\u0131 konusunda karars\u0131z m\u0131s\u0131n\u0131z? Twijfeltelefoon web sitesindeki s\u0131k\u00e7a sorulan sorularda, \u00e7ocuklar i\u00e7in Ulusal A\u015f\u0131lama Program\u0131 hakk\u0131nda yan\u0131tlar bulabilirsiniz.","breadcrumb":{"@id":"https:\/\/twijfeltelefoon.nl\/tr\/tibbi-bir-konu-hakkinda-suphelerim-var\/ulusal-asilama-programi-rijksvaccinatieprogramma-cocuklar\/#breadcrumb"},"inLanguage":"tr","potentialAction":[{"@type":"ReadAction","target":["https:\/\/twijfeltelefoon.nl\/tr\/tibbi-bir-konu-hakkinda-suphelerim-var\/ulusal-asilama-programi-rijksvaccinatieprogramma-cocuklar\/"]}]},{"@type":"ImageObject","inLanguage":"tr","@id":"https:\/\/twijfeltelefoon.nl\/tr\/tibbi-bir-konu-hakkinda-suphelerim-var\/ulusal-asilama-programi-rijksvaccinatieprogramma-cocuklar\/#primaryimage","url":"https:\/\/twijfeltelefoon.nl\/wp-content\/uploads\/2024\/09\/Twijfeltelefoon-Rijksvaccinatieprogramma-kind-2.svg","contentUrl":"https:\/\/twijfeltelefoon.nl\/wp-content\/uploads\/2024\/09\/Twijfeltelefoon-Rijksvaccinatieprogramma-kind-2.svg","caption":"Rijksvaccinatieprogramma kind ikoon"},{"@type":"BreadcrumbList","@id":"https:\/\/twijfeltelefoon.nl\/tr\/tibbi-bir-konu-hakkinda-suphelerim-var\/ulusal-asilama-programi-rijksvaccinatieprogramma-cocuklar\/#breadcrumb","itemListElement":[{"@type":"ListItem","position":1,"name":"Home","item":"https:\/\/twijfeltelefoon.nl\/tr\/"},{"@type":"ListItem","position":2,"name":"T\u0131bbi bir konu hakk\u0131nda \u015f\u00fcphelerim var","item":"https:\/\/twijfeltelefoon.nl\/tr\/tibbi-bir-konu-hakkinda-suphelerim-var\/"},{"@type":"ListItem","position":3,"name":"Ulusal A\u015f\u0131lama Program\u0131 (Rijksvaccinatieprogramma) &#8211; \u00c7ocuklar"}]},{"@type":"WebSite","@id":"https:\/\/twijfeltelefoon.nl\/tr\/#website","url":"https:\/\/twijfeltelefoon.nl\/tr\/","name":"De Twijfeltelefoon","description":"","publisher":{"@id":"https:\/\/twijfeltelefoon.nl\/tr\/#organization"},"potentialAction":[{"@type":"SearchAction","target":{"@type":"EntryPoint","urlTemplate":"https:\/\/twijfeltelefoon.nl\/tr\/?s={search_term_string}"},"query-input":{"@type":"PropertyValueSpecification","valueRequired":true,"valueName":"search_term_string"}}],"inLanguage":"tr"},{"@type":"Organization","@id":"https:\/\/twijfeltelefoon.nl\/tr\/#organization","name":"Twijfeltelefoon","url":"https:\/\/twijfeltelefoon.nl\/tr\/","logo":{"@type":"ImageObject","inLanguage":"tr","@id":"https:\/\/twijfeltelefoon.nl\/tr\/#\/schema\/logo\/image\/","url":"https:\/\/twijfeltelefoon.nl\/wp-content\/uploads\/2022\/03\/twijfeltelefoon-social@2x.png","contentUrl":"https:\/\/twijfeltelefoon.nl\/wp-content\/uploads\/2022\/03\/twijfeltelefoon-social@2x.png","width":701,"height":701,"caption":"Twijfeltelefoon"},"image":{"@id":"https:\/\/twijfeltelefoon.nl\/tr\/#\/schema\/logo\/image\/"}}]}},"_links":{"self":[{"href":"https:\/\/twijfeltelefoon.nl\/tr\/wp-json\/wp\/v2\/pages\/2963","targetHints":{"allow":["GET"]}}],"collection":[{"href":"https:\/\/twijfeltelefoon.nl\/tr\/wp-json\/wp\/v2\/pages"}],"about":[{"href":"https:\/\/twijfeltelefoon.nl\/tr\/wp-json\/wp\/v2\/types\/page"}],"author":[{"embeddable":true,"href":"https:\/\/twijfeltelefoon.nl\/tr\/wp-json\/wp\/v2\/users\/1"}],"replies":[{"embeddable":true,"href":"https:\/\/twijfeltelefoon.nl\/tr\/wp-json\/wp\/v2\/comments?post=2963"}],"version-history":[{"count":4,"href":"https:\/\/twijfeltelefoon.nl\/tr\/wp-json\/wp\/v2\/pages\/2963\/revisions"}],"predecessor-version":[{"id":3073,"href":"https:\/\/twijfeltelefoon.nl\/tr\/wp-json\/wp\/v2\/pages\/2963\/revisions\/3073"}],"up":[{"embeddable":true,"href":"https:\/\/twijfeltelefoon.nl\/tr\/wp-json\/wp\/v2\/pages\/2544"}],"wp:featuredmedia":[{"embeddable":true,"href":"https:\/\/twijfeltelefoon.nl\/tr\/wp-json\/wp\/v2\/media\/2865"}],"wp:attachment":[{"href":"https:\/\/twijfeltelefoon.nl\/tr\/wp-json\/wp\/v2\/media?parent=2963"}],"curies":[{"name":"wp","href":"https:\/\/api.w.org\/{rel}","templated":true}]}}